{"id":9346,"date":"2019-05-05T02:34:22","date_gmt":"2019-05-05T01:34:22","guid":{"rendered":"http:\/\/www.xalps.com\/lex\/?page_id=9346"},"modified":"2019-05-05T03:05:20","modified_gmt":"2019-05-05T02:05:20","slug":"ogn","status":"publish","type":"page","link":"https:\/\/www.xalps.com\/lex\/livetracking\/ogn\/","title":{"rendered":"OpenGliderNet"},"content":{"rendered":"<p>Speziell f\u00fcr den geteilten Luftraum mit der Hartfl\u00fcgel-Fliegerei auf Basis von\u00a0<strong>FLARM<\/strong>-Daten zur Kollisionswarnung: Daten kommen vom\u00a0<a href=\"https:\/\/www.xctracer.com\/\" target=\"_blank\" rel=\"noopener noreferrer\">XCTracer FLARM<\/a>, gekoppelt \u00fcber XCtrack.<\/p>\n<p><a href=\"https:\/\/live.glidernet.org\/\" target=\"_blank\" rel=\"noopener noreferrer\">Glidernet in eigenem Fenster \u00f6ffnen&#8230;<\/a> Alternative Darstellungen: <a href=\"https:\/\/glidertracker.de\/\" target=\"_blank\" rel=\"noopener noreferrer\">glidertracker.de<\/a>,\u00a0<a href=\"https:\/\/www.gliderradar.com\/center\/47.23913,13.73448\/zoom\/9\/time\/15\" target=\"_blank\" rel=\"noopener noreferrer\">gliderradar.com<\/a><br \/>\n<iframe loading=\"lazy\" src=\"https:\/\/live.glidernet.org\/\" name=\"Livetrack von Lex Rob\u00e9\" width=\"100%\" height=\"800\"><span data-mce-type=\"bookmark\" style=\"display: inline-block; width: 0px; overflow: hidden; line-height: 0;\" class=\"mce_SELRES_start\">\ufeff<\/span><span data-mce-type=\"bookmark\" style=\"display: inline-block; width: 0px; overflow: hidden; line-height: 0;\" class=\"mce_SELRES_start\">\ufeff<\/span><span data-mce-type=\"bookmark\" style=\"display: inline-block; width: 0px; overflow: hidden; line-height: 0;\" class=\"mce_SELRES_start\">\ufeff<\/span><\/iframe><\/p>\n","protected":false},"excerpt":{"rendered":"<p>Speziell f\u00fcr den geteilten Luftraum mit der Hartfl\u00fcgel-Fliegerei auf Basis von\u00a0FLARM-Daten zur Kollisionswarnung: Daten kommen vom\u00a0XCTracer FLARM, gekoppelt \u00fcber XCtrack. Glidernet in eigenem Fenster \u00f6ffnen&#8230; Alternative Darstellungen: glidertracker.de,\u00a0gliderradar.com \ufeff\ufeff\ufeff<\/p>\n","protected":false},"author":4,"featured_media":0,"parent":6726,"menu_order":0,"comment_status":"closed","ping_status":"closed","template":"template-fullwidth.php","meta":{"footnotes":""},"class_list":["post-9346","page","type-page","status-publish","hentry"],"yoast_head":"<!-- This site is optimized with the Yoast SEO plugin v27.1.1 - https:\/\/yoast.com\/product\/yoast-seo-wordpress\/ -->\n<title>OpenGliderNet - Paragliding Homebase of Lex Rob\u00e9<\/title>\n<meta name=\"robots\" content=\"index, follow, max-snippet:-1, max-image-preview:large, max-video-preview:-1\" \/>\n<link rel=\"canonical\" href=\"https:\/\/www.xalps.com\/lex\/livetracking\/ogn\/\" \/>\n<meta property=\"og:locale\" content=\"de_DE\" \/>\n<meta property=\"og:type\" content=\"article\" \/>\n<meta property=\"og:title\" content=\"OpenGliderNet - Paragliding Homebase of Lex Rob\u00e9\" \/>\n<meta property=\"og:description\" content=\"Speziell f\u00fcr den geteilten Luftraum mit der Hartfl\u00fcgel-Fliegerei auf Basis von\u00a0FLARM-Daten zur Kollisionswarnung: Daten kommen vom\u00a0XCTracer FLARM, gekoppelt \u00fcber XCtrack. Glidernet in eigenem Fenster \u00f6ffnen&#8230; Alternative Darstellungen: glidertracker.de,\u00a0gliderradar.com \ufeff\ufeff\ufeff\" \/>\n<meta property=\"og:url\" content=\"https:\/\/www.xalps.com\/lex\/livetracking\/ogn\/\" \/>\n<meta property=\"og:site_name\" content=\"Paragliding Homebase of Lex Rob\u00e9\" \/>\n<meta property=\"article:publisher\" content=\"https:\/\/www.facebook.com\/lexrobe\" \/>\n<meta property=\"article:modified_time\" content=\"2019-05-05T02:05:20+00:00\" \/>\n<meta name=\"twitter:card\" content=\"summary_large_image\" \/>\n<script type=\"application\/ld+json\" class=\"yoast-schema-graph\">{\"@context\":\"https:\/\/schema.org\",\"@graph\":[{\"@type\":\"WebPage\",\"@id\":\"https:\/\/www.xalps.com\/lex\/livetracking\/ogn\/\",\"url\":\"https:\/\/www.xalps.com\/lex\/livetracking\/ogn\/\",\"name\":\"OpenGliderNet - Paragliding Homebase of Lex Rob\u00e9\",\"isPartOf\":{\"@id\":\"https:\/\/www.xalps.com\/lex\/#website\"},\"datePublished\":\"2019-05-05T01:34:22+00:00\",\"dateModified\":\"2019-05-05T02:05:20+00:00\",\"breadcrumb\":{\"@id\":\"https:\/\/www.xalps.com\/lex\/livetracking\/ogn\/#breadcrumb\"},\"inLanguage\":\"de\",\"potentialAction\":[{\"@type\":\"ReadAction\",\"target\":[\"https:\/\/www.xalps.com\/lex\/livetracking\/ogn\/\"]}]},{\"@type\":\"BreadcrumbList\",\"@id\":\"https:\/\/www.xalps.com\/lex\/livetracking\/ogn\/#breadcrumb\",\"itemListElement\":[{\"@type\":\"ListItem\",\"position\":1,\"name\":\"Startseite\",\"item\":\"https:\/\/www.xalps.com\/lex\/\"},{\"@type\":\"ListItem\",\"position\":2,\"name\":\"Livetracking &#8211; Wo flieg ich grad?\",\"item\":\"https:\/\/www.xalps.com\/lex\/livetracking\/\"},{\"@type\":\"ListItem\",\"position\":3,\"name\":\"OpenGliderNet\"}]},{\"@type\":\"WebSite\",\"@id\":\"https:\/\/www.xalps.com\/lex\/#website\",\"url\":\"https:\/\/www.xalps.com\/lex\/\",\"name\":\"Paragliding Homebase of Lex Rob\u00e9\",\"description\":\"Welcome to the world of my wings!\",\"potentialAction\":[{\"@type\":\"SearchAction\",\"target\":{\"@type\":\"EntryPoint\",\"urlTemplate\":\"https:\/\/www.xalps.com\/lex\/?s={search_term_string}\"},\"query-input\":{\"@type\":\"PropertyValueSpecification\",\"valueRequired\":true,\"valueName\":\"search_term_string\"}}],\"inLanguage\":\"de\"}]}<\/script>\n<!-- \/ Yoast SEO plugin. -->","yoast_head_json":{"title":"OpenGliderNet - Paragliding Homebase of Lex Rob\u00e9","robots":{"index":"index","follow":"follow","max-snippet":"max-snippet:-1","max-image-preview":"max-image-preview:large","max-video-preview":"max-video-preview:-1"},"canonical":"https:\/\/www.xalps.com\/lex\/livetracking\/ogn\/","og_locale":"de_DE","og_type":"article","og_title":"OpenGliderNet - Paragliding Homebase of Lex Rob\u00e9","og_description":"Speziell f\u00fcr den geteilten Luftraum mit der Hartfl\u00fcgel-Fliegerei auf Basis von\u00a0FLARM-Daten zur Kollisionswarnung: Daten kommen vom\u00a0XCTracer FLARM, gekoppelt \u00fcber XCtrack. Glidernet in eigenem Fenster \u00f6ffnen&#8230; Alternative Darstellungen: glidertracker.de,\u00a0gliderradar.com \ufeff\ufeff\ufeff","og_url":"https:\/\/www.xalps.com\/lex\/livetracking\/ogn\/","og_site_name":"Paragliding Homebase of Lex Rob\u00e9","article_publisher":"https:\/\/www.facebook.com\/lexrobe","article_modified_time":"2019-05-05T02:05:20+00:00","twitter_card":"summary_large_image","schema":{"@context":"https:\/\/schema.org","@graph":[{"@type":"WebPage","@id":"https:\/\/www.xalps.com\/lex\/livetracking\/ogn\/","url":"https:\/\/www.xalps.com\/lex\/livetracking\/ogn\/","name":"OpenGliderNet - Paragliding Homebase of Lex Rob\u00e9","isPartOf":{"@id":"https:\/\/www.xalps.com\/lex\/#website"},"datePublished":"2019-05-05T01:34:22+00:00","dateModified":"2019-05-05T02:05:20+00:00","breadcrumb":{"@id":"https:\/\/www.xalps.com\/lex\/livetracking\/ogn\/#breadcrumb"},"inLanguage":"de","potentialAction":[{"@type":"ReadAction","target":["https:\/\/www.xalps.com\/lex\/livetracking\/ogn\/"]}]},{"@type":"BreadcrumbList","@id":"https:\/\/www.xalps.com\/lex\/livetracking\/ogn\/#breadcrumb","itemListElement":[{"@type":"ListItem","position":1,"name":"Startseite","item":"https:\/\/www.xalps.com\/lex\/"},{"@type":"ListItem","position":2,"name":"Livetracking &#8211; Wo flieg ich grad?","item":"https:\/\/www.xalps.com\/lex\/livetracking\/"},{"@type":"ListItem","position":3,"name":"OpenGliderNet"}]},{"@type":"WebSite","@id":"https:\/\/www.xalps.com\/lex\/#website","url":"https:\/\/www.xalps.com\/lex\/","name":"Paragliding Homebase of Lex Rob\u00e9","description":"Welcome to the world of my wings!","potentialAction":[{"@type":"SearchAction","target":{"@type":"EntryPoint","urlTemplate":"https:\/\/www.xalps.com\/lex\/?s={search_term_string}"},"query-input":{"@type":"PropertyValueSpecification","valueRequired":true,"valueName":"search_term_string"}}],"inLanguage":"de"}]}},"_links":{"self":[{"href":"https:\/\/www.xalps.com\/lex\/wp-json\/wp\/v2\/pages\/9346","targetHints":{"allow":["GET"]}}],"collection":[{"href":"https:\/\/www.xalps.com\/lex\/wp-json\/wp\/v2\/pages"}],"about":[{"href":"https:\/\/www.xalps.com\/lex\/wp-json\/wp\/v2\/types\/page"}],"author":[{"embeddable":true,"href":"https:\/\/www.xalps.com\/lex\/wp-json\/wp\/v2\/users\/4"}],"replies":[{"embeddable":true,"href":"https:\/\/www.xalps.com\/lex\/wp-json\/wp\/v2\/comments?post=9346"}],"version-history":[{"count":3,"href":"https:\/\/www.xalps.com\/lex\/wp-json\/wp\/v2\/pages\/9346\/revisions"}],"predecessor-version":[{"id":9355,"href":"https:\/\/www.xalps.com\/lex\/wp-json\/wp\/v2\/pages\/9346\/revisions\/9355"}],"up":[{"embeddable":true,"href":"https:\/\/www.xalps.com\/lex\/wp-json\/wp\/v2\/pages\/6726"}],"wp:attachment":[{"href":"https:\/\/www.xalps.com\/lex\/wp-json\/wp\/v2\/media?parent=9346"}],"curies":[{"name":"wp","href":"https:\/\/api.w.org\/{rel}","templated":true}]}}