{"id":4097,"date":"2014-01-17T19:21:08","date_gmt":"2014-01-17T18:21:08","guid":{"rendered":"http:\/\/www.xalps.com\/lex\/?page_id=4097"},"modified":"2014-01-17T20:15:56","modified_gmt":"2014-01-17T19:15:56","slug":"wissenswertes","status":"publish","type":"page","link":"https:\/\/www.xalps.com\/lex\/und-sonst\/wissenswertes\/","title":{"rendered":"Wissenswertes"},"content":{"rendered":"<p>Auswahl an Videos, die ich f\u00fcr sehr informativ erachte. Frei nach dem Motto:<br \/>\n<div class=\"pullquote-right\">\n&#8222;Niemand lebt lange genug, um alles aus seinen eigenen Fehlern zu lernen&#8230;&#8220;<br \/>\n<\/div>\n<p>Erg\u00e4nzende Beitr\u00e4ge von meiner Site zum Thema <em>Paragliding-KnowHow<\/em> findest Du <a href=\"http:\/\/www.xalps.com\/lex\/wissen\/\">hier&#8230;<\/a><\/p>\n","protected":false},"excerpt":{"rendered":"<p>Auswahl an Videos, die ich f\u00fcr sehr informativ erachte. Frei nach dem Motto: Erg\u00e4nzende Beitr\u00e4ge von meiner Site zum Thema Paragliding-KnowHow findest Du hier&#8230;<\/p>\n","protected":false},"author":4,"featured_media":0,"parent":3277,"menu_order":0,"comment_status":"open","ping_status":"closed","template":"template-portfolio.php","meta":{"footnotes":""},"class_list":["post-4097","page","type-page","status-publish","hentry"],"yoast_head":"<!-- This site is optimized with the Yoast SEO plugin v27.1.1 - https:\/\/yoast.com\/product\/yoast-seo-wordpress\/ -->\n<title>Wissenswertes - Paragliding Homebase of Lex Rob\u00e9<\/title>\n<meta name=\"robots\" content=\"index, follow, max-snippet:-1, max-image-preview:large, max-video-preview:-1\" \/>\n<link rel=\"canonical\" href=\"https:\/\/www.xalps.com\/lex\/und-sonst\/wissenswertes\/\" \/>\n<meta property=\"og:locale\" content=\"de_DE\" \/>\n<meta property=\"og:type\" content=\"article\" \/>\n<meta property=\"og:title\" content=\"Wissenswertes - Paragliding Homebase of Lex Rob\u00e9\" \/>\n<meta property=\"og:description\" content=\"Auswahl an Videos, die ich f\u00fcr sehr informativ erachte. Frei nach dem Motto: Erg\u00e4nzende Beitr\u00e4ge von meiner Site zum Thema Paragliding-KnowHow findest Du hier&#8230;\" \/>\n<meta property=\"og:url\" content=\"https:\/\/www.xalps.com\/lex\/und-sonst\/wissenswertes\/\" \/>\n<meta property=\"og:site_name\" content=\"Paragliding Homebase of Lex Rob\u00e9\" \/>\n<meta property=\"article:publisher\" content=\"https:\/\/www.facebook.com\/lexrobe\" \/>\n<meta property=\"article:modified_time\" content=\"2014-01-17T19:15:56+00:00\" \/>\n<meta name=\"twitter:card\" content=\"summary_large_image\" \/>\n<script type=\"application\/ld+json\" class=\"yoast-schema-graph\">{\"@context\":\"https:\/\/schema.org\",\"@graph\":[{\"@type\":\"WebPage\",\"@id\":\"https:\/\/www.xalps.com\/lex\/und-sonst\/wissenswertes\/\",\"url\":\"https:\/\/www.xalps.com\/lex\/und-sonst\/wissenswertes\/\",\"name\":\"Wissenswertes - Paragliding Homebase of Lex Rob\u00e9\",\"isPartOf\":{\"@id\":\"https:\/\/www.xalps.com\/lex\/#website\"},\"datePublished\":\"2014-01-17T18:21:08+00:00\",\"dateModified\":\"2014-01-17T19:15:56+00:00\",\"breadcrumb\":{\"@id\":\"https:\/\/www.xalps.com\/lex\/und-sonst\/wissenswertes\/#breadcrumb\"},\"inLanguage\":\"de\",\"potentialAction\":[{\"@type\":\"ReadAction\",\"target\":[\"https:\/\/www.xalps.com\/lex\/und-sonst\/wissenswertes\/\"]}]},{\"@type\":\"BreadcrumbList\",\"@id\":\"https:\/\/www.xalps.com\/lex\/und-sonst\/wissenswertes\/#breadcrumb\",\"itemListElement\":[{\"@type\":\"ListItem\",\"position\":1,\"name\":\"Startseite\",\"item\":\"https:\/\/www.xalps.com\/lex\/\"},{\"@type\":\"ListItem\",\"position\":2,\"name\":\"und sonst?\",\"item\":\"https:\/\/www.xalps.com\/lex\/und-sonst\/\"},{\"@type\":\"ListItem\",\"position\":3,\"name\":\"Wissenswertes\"}]},{\"@type\":\"WebSite\",\"@id\":\"https:\/\/www.xalps.com\/lex\/#website\",\"url\":\"https:\/\/www.xalps.com\/lex\/\",\"name\":\"Paragliding Homebase of Lex Rob\u00e9\",\"description\":\"Welcome to the world of my wings!\",\"potentialAction\":[{\"@type\":\"SearchAction\",\"target\":{\"@type\":\"EntryPoint\",\"urlTemplate\":\"https:\/\/www.xalps.com\/lex\/?s={search_term_string}\"},\"query-input\":{\"@type\":\"PropertyValueSpecification\",\"valueRequired\":true,\"valueName\":\"search_term_string\"}}],\"inLanguage\":\"de\"}]}<\/script>\n<!-- \/ Yoast SEO plugin. -->","yoast_head_json":{"title":"Wissenswertes - Paragliding Homebase of Lex Rob\u00e9","robots":{"index":"index","follow":"follow","max-snippet":"max-snippet:-1","max-image-preview":"max-image-preview:large","max-video-preview":"max-video-preview:-1"},"canonical":"https:\/\/www.xalps.com\/lex\/und-sonst\/wissenswertes\/","og_locale":"de_DE","og_type":"article","og_title":"Wissenswertes - Paragliding Homebase of Lex Rob\u00e9","og_description":"Auswahl an Videos, die ich f\u00fcr sehr informativ erachte. Frei nach dem Motto: Erg\u00e4nzende Beitr\u00e4ge von meiner Site zum Thema Paragliding-KnowHow findest Du hier&#8230;","og_url":"https:\/\/www.xalps.com\/lex\/und-sonst\/wissenswertes\/","og_site_name":"Paragliding Homebase of Lex Rob\u00e9","article_publisher":"https:\/\/www.facebook.com\/lexrobe","article_modified_time":"2014-01-17T19:15:56+00:00","twitter_card":"summary_large_image","schema":{"@context":"https:\/\/schema.org","@graph":[{"@type":"WebPage","@id":"https:\/\/www.xalps.com\/lex\/und-sonst\/wissenswertes\/","url":"https:\/\/www.xalps.com\/lex\/und-sonst\/wissenswertes\/","name":"Wissenswertes - Paragliding Homebase of Lex Rob\u00e9","isPartOf":{"@id":"https:\/\/www.xalps.com\/lex\/#website"},"datePublished":"2014-01-17T18:21:08+00:00","dateModified":"2014-01-17T19:15:56+00:00","breadcrumb":{"@id":"https:\/\/www.xalps.com\/lex\/und-sonst\/wissenswertes\/#breadcrumb"},"inLanguage":"de","potentialAction":[{"@type":"ReadAction","target":["https:\/\/www.xalps.com\/lex\/und-sonst\/wissenswertes\/"]}]},{"@type":"BreadcrumbList","@id":"https:\/\/www.xalps.com\/lex\/und-sonst\/wissenswertes\/#breadcrumb","itemListElement":[{"@type":"ListItem","position":1,"name":"Startseite","item":"https:\/\/www.xalps.com\/lex\/"},{"@type":"ListItem","position":2,"name":"und sonst?","item":"https:\/\/www.xalps.com\/lex\/und-sonst\/"},{"@type":"ListItem","position":3,"name":"Wissenswertes"}]},{"@type":"WebSite","@id":"https:\/\/www.xalps.com\/lex\/#website","url":"https:\/\/www.xalps.com\/lex\/","name":"Paragliding Homebase of Lex Rob\u00e9","description":"Welcome to the world of my wings!","potentialAction":[{"@type":"SearchAction","target":{"@type":"EntryPoint","urlTemplate":"https:\/\/www.xalps.com\/lex\/?s={search_term_string}"},"query-input":{"@type":"PropertyValueSpecification","valueRequired":true,"valueName":"search_term_string"}}],"inLanguage":"de"}]}},"_links":{"self":[{"href":"https:\/\/www.xalps.com\/lex\/wp-json\/wp\/v2\/pages\/4097","targetHints":{"allow":["GET"]}}],"collection":[{"href":"https:\/\/www.xalps.com\/lex\/wp-json\/wp\/v2\/pages"}],"about":[{"href":"https:\/\/www.xalps.com\/lex\/wp-json\/wp\/v2\/types\/page"}],"author":[{"embeddable":true,"href":"https:\/\/www.xalps.com\/lex\/wp-json\/wp\/v2\/users\/4"}],"replies":[{"embeddable":true,"href":"https:\/\/www.xalps.com\/lex\/wp-json\/wp\/v2\/comments?post=4097"}],"version-history":[{"count":0,"href":"https:\/\/www.xalps.com\/lex\/wp-json\/wp\/v2\/pages\/4097\/revisions"}],"up":[{"embeddable":true,"href":"https:\/\/www.xalps.com\/lex\/wp-json\/wp\/v2\/pages\/3277"}],"wp:attachment":[{"href":"https:\/\/www.xalps.com\/lex\/wp-json\/wp\/v2\/media?parent=4097"}],"curies":[{"name":"wp","href":"https:\/\/api.w.org\/{rel}","templated":true}]}}