{"id":3413,"date":"2012-10-18T03:50:23","date_gmt":"2012-10-18T01:50:23","guid":{"rendered":"http:\/\/www.xalps.com\/lex\/?page_id=3413"},"modified":"2024-02-16T09:19:25","modified_gmt":"2024-02-16T08:19:25","slug":"gear","status":"publish","type":"page","link":"https:\/\/www.xalps.com\/lex\/gear\/","title":{"rendered":"Flug-Zeug"},"content":{"rendered":"<div class=\"wpb-content-wrapper\"><div class=\"vc_row wpb_row vc_row-fluid\"><div class=\"wpb_column vc_column_container vc_col-sm-12\"><div class=\"vc_column-inner\"><div class=\"wpb_wrapper\">\n\t<div class=\"wpb_text_column wpb_content_element\" >\n\t\t<div class=\"wpb_wrapper\">\n\t\t\t<p>\u00dcber die Jahre hat sich die Ausr\u00fcstung von funktionsgorientiert auf die vielen Facetten des Gleitschirmfliegens spezialisiert. So gibt es von Thermik- &amp; Streckenfliegen, \u00fcber Hike&amp;Fly bis hin zur Acro-Fliegerei eine breite Palette von luftigen Bet\u00e4tigungsm\u00f6glichkeiten. Dementsprechend tun sich am Material- und Entwicklungssektor dieser immer noch ziemlich jungen Sportart alle paar Jahre kleine Welten auf. Hier die Chronologie meiner Ausr\u00fcstung mit jeweils meiner Einsch\u00e4tzung der Vor- und Nachteile &#8211; unverf\u00e4lscht! <div class=\"pullquote-right\"><br \/>\n<em>Was mich in die Luft bringt und oben h\u00e4lt<\/em><br \/>\n<\/div>\n\n\t\t<\/div>\n\t<\/div>\n<\/div><\/div><\/div><\/div><div data-vc-parallax=\"1.5\" data-vc-parallax-o-fade=\"on\" class=\"vc_row wpb_row vc_row-fluid wpb_animate_when_almost_visible wpb_fadeInUp fadeInUp vc_custom_1492964825678 vc_row-has-fill vc_general vc_parallax vc_parallax-content-moving-fade js-vc_parallax-o-fade\"><div class=\"wpb_animate_when_almost_visible wpb_fadeIn fadeIn wpb_column vc_column_container vc_col-sm-12\"><div class=\"vc_column-inner\"><div class=\"wpb_wrapper\"><div id=\"ts-timeline-css-container-8029950\" class=\"ts-timeline-css-container ts-timeline-css-container-desc clearFixMe  ts-timeline-css-view  ts-timeline-css-container-columns ts-timeline-css-rendering\" data-type=\"timeline\" data-frontend=\"false\" data-iframewrap=\"false\" data-layout=\"ts-timeline-css-columns\" data-initial=\"left\" data-rowstacks=\"false\" data-filter-allow=\"false\" data-sumo-confirm=\"Confirm\" data-sumo-cancel=\"Cancel\" data-sumo-allselected=\"All Selected\" data-sumo-placeholder=\"Select Here\" data-sumo-searchcats=\"Search Categories ...\" data-sumo-searchtags=\"Search Tags ...\" data-sorter=\"true\" data-switch=\"ts-timeline-css-responsive\" data-order=\"desc\" data-lazy=\"true\" data-count=\"10\" data-trigger=\"scroll\" data-break=\"235\" style=\"margin-top: 0px; margin-bottom: 0px; width: 100%;\"><div class=\"ts-timeline-css-controls\"><div id=\"ts-timeline-css-sorter-8029950\" class=\"ts-timeline-css-sorter\" data-random=\"8029950\" data-target=\"ts-timeline-css-content-8029950\" style=\"display: none;\"><label class=\"ts-timeline-css-sorter-label\" style=\"display: inline-block; margin-left: 0;\" for=\"ts-timeline-css-filters-tags-sections-8029950\">Zeitachse sortieren:<\/label><select id=\"ts-timeline-css-sorter-sections-8029950\" class=\"ts-timeline-css-sorter-sections\" data-option=\"ts-timeline-css-sorter-sections-8029950\" data-target=\"ts-timeline-css-content-8029950\"><option value=\"asc\" >Aufsteigend<\/option><option value=\"desc\" selected=\"selected\">Absteigend<\/option><\/select><\/div><\/div><div class=\"ts-timeline-css-title-wrapper\"><div class=\"ts-timeline-css-title-string\">Schirme<\/div><div class=\"ts-timeline-css-title-after\"><\/div><\/div><div class=\"ts-timeline-css-begin ts-timeline-css-begin-top\"><div class=\"ts-timeline-css-begin-text\">...and still going strong<\/div><\/div><div class=\"ts-timeline-css-header-wrap\"><div class=\"ts-timeline-css-header\"><h3 class=\"ts-timeline-css-header-title\">Schirme<\/h3><\/div><div class=\"ts-timeline-css-end\"><div class=\"ts-timeline-css-end-text\">Take-Off<\/div><\/div><\/div><div class=\"ts-timeline-css-preloader\"><div id=\"ts-timeline-css-preloader-8029950\" class=\" ts-preloader-animation-main ts-preloader-animation-0\"><\/div><\/div><div class=\"ts-timeline-css-wrapper ts-timeline-css-columns\" style=\"position: fixed; left: -99999px !important; top: -99999px !important;\"><div id=\"ts-timeline-css-spine-8029950\" class=\"ts-timeline-css-spine ts-timeline-css-animated\"><\/div><div id=\"ts-timeline-css-content-8029950\" class=\"ts-timeline-css-content ts-timeline-css-content-show-cats ts-timeline-css-content-show-tags\"><p>[TS_VCSC_Timeline_CSS_Section section=&#8220;7708&#8243; custompost_name=&#8220;Ozone Zeno&#8220; el_file=&#8220;&#8220;][TS_VCSC_Timeline_CSS_Section section=&#8220;6732&#8243; custompost_name=&#8220;Ozone Mantra M6&#8243; el_file=&#8220;&#8220;][TS_VCSC_Timeline_CSS_Section section=&#8220;6828&#8243; custompost_name=&#8220;05\/2013-08\/2014: Niviuk Peak3 25; Startgewicht 105-109kg&#8220; el_file=&#8220;&#8220;][TS_VCSC_Timeline_CSS_Section section=&#8220;7679&#8243; custompost_name=&#8220;2010-2012: Gin Boomerang GTO ML; Startgewicht 110-114kg&#8220; el_file=&#8220;&#8220;][TS_VCSC_Timeline_CSS_Section section=&#8220;7683&#8243; custompost_name=&#8220;Gin Boomerang Sport M: Startgewicht 104-108kg&#8220; el_file=&#8220;&#8220;][TS_VCSC_Timeline_CSS_Section section=&#8220;7685&#8243; custompost_name=&#8220;Gin Zoom M: Startgewicht 102-105kg&#8220; el_file=&#8220;&#8220;][TS_VCSC_Timeline_CSS_Section section=&#8220;7687&#8243; custompost_name=&#8220;Pro-Design Target 42&#8243; el_file=&#8220;&#8220;][TS_VCSC_Timeline_CSS_Section section=&#8220;7690&#8243; custompost_name=&#8220;Pro-Design Contest 46&#8243; el_file=&#8220;&#8220;][TS_VCSC_Timeline_CSS_Section section=&#8220;7695&#8243; custompost_name=&#8220;diverse: Edel Superspace, &#8230;&#8220; el_file=&#8220;&#8220;]<\/p>\n<\/div><\/div><div class=\"ts-timeline-css-showmore-wrap\"><span class=\"ts-timeline-css-showmore ts-dual-buttons-color-peter-river-flat ts-dual-buttons-color-belize-hole-flat\">weiter...<\/span><\/div><div class=\"ts-timeline-css-footer-wrap\"><div class=\"ts-timeline-css-end\"><div class=\"ts-timeline-css-end-text\">Take-Off<\/div><\/div><div class=\"ts-timeline-css-footer\"><h3 class=\"ts-timeline-css-footer-title\">Schirme<\/h3><\/div><\/div><div class=\"ts-timeline-css-begin ts-timeline-css-begin-bottom\"><div class=\"ts-timeline-css-begin-text\">...and still going strong<\/div><\/div><\/div><\/div><\/div><\/div><\/div><div data-vc-parallax=\"1.5\" data-vc-parallax-o-fade=\"on\" class=\"vc_row wpb_row vc_row-fluid wpb_animate_when_almost_visible wpb_fadeInUp fadeInUp vc_custom_1492964825678 vc_row-has-fill vc_general vc_parallax vc_parallax-content-moving-fade js-vc_parallax-o-fade\"><div class=\"wpb_animate_when_almost_visible wpb_fadeIn fadeIn wpb_column vc_column_container vc_col-sm-12\"><div class=\"vc_column-inner\"><div class=\"wpb_wrapper\"><div id=\"ts-timeline-css-container-9203873\" class=\"ts-timeline-css-container ts-timeline-css-container-desc clearFixMe  ts-timeline-css-view  ts-timeline-css-container-columns ts-timeline-css-rendering\" data-type=\"timeline\" data-frontend=\"false\" data-iframewrap=\"false\" data-layout=\"ts-timeline-css-columns\" data-initial=\"left\" data-rowstacks=\"false\" data-filter-allow=\"false\" data-sumo-confirm=\"Confirm\" data-sumo-cancel=\"Cancel\" data-sumo-allselected=\"All Selected\" data-sumo-placeholder=\"Select Here\" data-sumo-searchcats=\"Search Categories ...\" data-sumo-searchtags=\"Search Tags ...\" data-sorter=\"true\" data-switch=\"ts-timeline-css-responsive\" data-order=\"desc\" data-lazy=\"true\" data-count=\"10\" data-trigger=\"scroll\" data-break=\"400\" style=\"margin-top: 0px; margin-bottom: 0px; width: 100%;\"><div class=\"ts-timeline-css-controls\"><div id=\"ts-timeline-css-sorter-9203873\" class=\"ts-timeline-css-sorter\" data-random=\"9203873\" data-target=\"ts-timeline-css-content-9203873\" style=\"display: none;\"><label class=\"ts-timeline-css-sorter-label\" style=\"display: inline-block; margin-left: 0;\" for=\"ts-timeline-css-filters-tags-sections-9203873\">Zeitachse sortieren nach<\/label><select id=\"ts-timeline-css-sorter-sections-9203873\" class=\"ts-timeline-css-sorter-sections\" data-option=\"ts-timeline-css-sorter-sections-9203873\" data-target=\"ts-timeline-css-content-9203873\"><option value=\"asc\" >Aufsteigend<\/option><option value=\"desc\" selected=\"selected\">Absteigend<\/option><\/select><\/div><\/div><div class=\"ts-timeline-css-title-wrapper\"><div class=\"ts-timeline-css-title-string\">Gurtzeuge<\/div><div class=\"ts-timeline-css-title-after\"><\/div><\/div><div class=\"ts-timeline-css-begin ts-timeline-css-begin-top\"><div class=\"ts-timeline-css-begin-text\">...bis zur aerodynamischen Luxus-Couch<\/div><\/div><div class=\"ts-timeline-css-header-wrap\"><div class=\"ts-timeline-css-header\"><h3 class=\"ts-timeline-css-header-title\">Gurtzeuge<\/h3><\/div><div class=\"ts-timeline-css-end\"><div class=\"ts-timeline-css-end-text\">Vom Bergsteigergurt mit Sitzbrett...<\/div><\/div><\/div><div class=\"ts-timeline-css-preloader\"><div id=\"ts-timeline-css-preloader-9203873\" class=\" ts-preloader-animation-main ts-preloader-animation-0\"><\/div><\/div><div class=\"ts-timeline-css-wrapper ts-timeline-css-columns\" style=\"position: fixed; left: -99999px !important; top: -99999px !important;\"><div id=\"ts-timeline-css-spine-9203873\" class=\"ts-timeline-css-spine ts-timeline-css-animated\"><\/div><div id=\"ts-timeline-css-content-9203873\" class=\"ts-timeline-css-content ts-timeline-css-content-show-cats ts-timeline-css-content-show-tags\"><p>[TS_VCSC_Timeline_CSS_Section section=&#8220;7706&#8243; custompost_name=&#8220;Woody Valley X-Rated 7&#8243; el_file=&#8220;&#8220;][TS_VCSC_Timeline_CSS_Section section=&#8220;7698&#8243; custompost_name=&#8220;Swing Connect Race&#8220; el_file=&#8220;&#8220;][TS_VCSC_Timeline_CSS_Section section=&#8220;7700&#8243; custompost_name=&#8220;Charly Titan 3&#8243; el_file=&#8220;&#8220;][TS_VCSC_Timeline_CSS_Section section=&#8220;7702&#8243; custompost_name=&#8220;Sol CX Pro&#8220; el_file=&#8220;&#8220;][TS_VCSC_Timeline_CSS_Section section=&#8220;7704&#8243; custompost_name=&#8220;Skyline Smart Pro&#8220; el_file=&#8220;&#8220;][TS_VCSC_Timeline_CSS_Section section=&#8220;7705&#8243; custompost_name=&#8220;Woody Valley&#8220; el_file=&#8220;&#8220;]<\/p>\n<\/div><\/div><div class=\"ts-timeline-css-showmore-wrap\"><span class=\"ts-timeline-css-showmore ts-dual-buttons-color-peter-river-flat ts-dual-buttons-color-belize-hole-flat\">weiter...<\/span><\/div><div class=\"ts-timeline-css-footer-wrap\"><div class=\"ts-timeline-css-end\"><div class=\"ts-timeline-css-end-text\">Vom Bergsteigergurt mit Sitzbrett...<\/div><\/div><div class=\"ts-timeline-css-footer\"><h3 class=\"ts-timeline-css-footer-title\">Gurtzeuge<\/h3><\/div><\/div><div class=\"ts-timeline-css-begin ts-timeline-css-begin-bottom\"><div class=\"ts-timeline-css-begin-text\">...bis zur aerodynamischen Luxus-Couch<\/div><\/div><\/div><\/div><\/div><\/div><\/div><div class=\"vc_row wpb_row vc_row-fluid\"><div class=\"wpb_column vc_column_container vc_col-sm-12\"><div class=\"vc_column-inner\"><div class=\"wpb_wrapper\"><div id=\"ts-timeline-css-container-2244513\" class=\"ts-timeline-css-container ts-timeline-css-container-asc clearFixMe  ts-timeline-css-view  ts-timeline-css-container-columns ts-timeline-css-rendering\" data-type=\"timeline\" data-frontend=\"false\" data-iframewrap=\"false\" data-layout=\"ts-timeline-css-columns\" data-initial=\"left\" data-rowstacks=\"false\" data-filter-allow=\"false\" data-sumo-confirm=\"Confirm\" data-sumo-cancel=\"Cancel\" data-sumo-allselected=\"All Selected\" data-sumo-placeholder=\"Select Here\" data-sumo-searchcats=\"Search Categories ...\" data-sumo-searchtags=\"Search Tags ...\" data-sorter=\"true\" data-switch=\"ts-timeline-css-responsive\" data-order=\"asc\" data-lazy=\"false\" data-count=\"10\" data-trigger=\"scroll\" data-break=\"600\" style=\"margin-top: 0px; margin-bottom: 0px; width: 100%;\"><div class=\"ts-timeline-css-controls\"><div id=\"ts-timeline-css-sorter-2244513\" class=\"ts-timeline-css-sorter\" data-random=\"2244513\" data-target=\"ts-timeline-css-content-2244513\" style=\"display: none;\"><label class=\"ts-timeline-css-sorter-label\" style=\"display: inline-block; margin-left: 0;\" for=\"ts-timeline-css-filters-tags-sections-2244513\">Sort Timeline:<\/label><select id=\"ts-timeline-css-sorter-sections-2244513\" class=\"ts-timeline-css-sorter-sections\" data-option=\"ts-timeline-css-sorter-sections-2244513\" data-target=\"ts-timeline-css-content-2244513\"><option value=\"asc\" selected=\"selected\">Ascending<\/option><option value=\"desc\" >Descending<\/option><\/select><\/div><\/div><div class=\"ts-timeline-css-title-wrapper\"><div class=\"ts-timeline-css-title-string\">Gurtzeuge 2024<\/div><div class=\"ts-timeline-css-title-after\"><\/div><\/div><div class=\"ts-timeline-css-begin ts-timeline-css-begin-top\"><div class=\"ts-timeline-css-begin-text\">heute<\/div><\/div><div class=\"ts-timeline-css-header-wrap\"><div class=\"ts-timeline-css-header\"><h3 class=\"ts-timeline-css-header-title\">Gurtzeuge 2024<\/h3><\/div><div class=\"ts-timeline-css-end\"><div class=\"ts-timeline-css-end-text\">1.1.2020<\/div><\/div><\/div><div class=\"ts-timeline-css-preloader\"><div id=\"ts-timeline-css-preloader-2244513\" class=\" ts-preloader-animation-main ts-preloader-animation-0\"><\/div><\/div><div class=\"ts-timeline-css-wrapper ts-timeline-css-columns\" style=\"position: fixed; left: -99999px !important; top: -99999px !important;\"><div id=\"ts-timeline-css-spine-2244513\" class=\"ts-timeline-css-spine ts-timeline-css-animated\"><\/div><div id=\"ts-timeline-css-content-2244513\" class=\"ts-timeline-css-content ts-timeline-css-content-show-cats ts-timeline-css-content-show-tags\"><div id=\"ts-vcsc-timeline-section-4140624\" class=\"ts-timeline-css-section    ts-timeline-css-event ts-timeline-css-visible ts-timeline-css-animated ts-timeline-css-date-true\" style=\" \" data-categories=\"No Categories\" data-tags=\"No Tags\" data-filtered-categories=\"false\" data-filtered-tags=\"false\">\n<div class=\"ts-timeline-css-text-wrap ts-timeline-css-text-wrap-date \"  style=\"padding-top: 40px; \">\n<div class=\"ts-timeline-css-date\" style=\"\"><span class=\"ts-timeline-css-date-connect\"><span class=\"ts-timeline-css-date-text\" style=\"\"><i class=\"ts-timeline-css-date-icon dashicons dashicons-clock\" style=\"\"><\/i>5.5.2023<\/span><\/span><\/div>\n<h3 class=\"ts-timeline-css-title\" style=\"; text-align: center;  \"> Ozone Photon<\/h3>\n<div class=\"ts-timeline-css-details \" style=\"padding-bottom: 15px; \">\n<div class=\"ts-timeline-css-text-wrap-inner\" style=\"; width: 100%; height: 100%; left: 0;\">\n<div class=\"ts-timeline-css-text\" style=\"\">\nEin Mal geflogen und sofort gekauft! Seit ich unter diesem Fl\u00fcgel h\u00e4nge, habe ich erst richtig begonnen Strecke zu fliegen. Wie die <a href=\"\/\/www.xalps.com\/lex\/meine-fluge-in-bewegten-bildern\/\\&quot;\" target=\"\\&quot;_blank\\&quot;\" rel=\"\\&quot;noopener noopener\">Gleitschirm-Videos 2004-2006<\/a> belegen, hat er mir die sch\u00f6nsten Erlebnisse beschert. Klingt fast wie ein Nachruf. Ist es auch: und zwar voll Stolz auf das gemeinsam Durchlebte und Durchflogene. Ein Schirm vor allem f\u00fcr seine geringem dyn. Reaktionen auf St\u00f6rzust\u00e4nde von mir sehr gesch\u00e4tzt wird. Das Groundhandling ist zwar im Vergleich zum Aspen etwas tr\u00e4ger, ist mir jedoch \u00fcber die Jahre hinweg richtig ans Herz gewachsen und noch immer mein Benchmark. Startverhalten vorbildlich. Ohren bleiben nach Anlegen drin, was ich auch sehr sch\u00e4tze. In der Thermik kann man ihn wenn n\u00f6tig super knebeln und richtiggehend in den Bart reinstellen. Die Thermikposition wird super angezeigt ohne unn\u00f6tig zu hebeln. Wird die Aussenseite etwas angebremst kann man ihn wunderbar flach ums Eck bringen. Im Kurbeln bei schwachen Bedingungen wird man damit meist nur von Kollegen aus der offenen Klasse ausgekurbelt.<\/p>\n<p>\\r\\n<\/p>\n<p>Weitere Testkommentare spare ich mir an dieser Stelle. Ich hab ihn mir ganz einfach deshalb gekauft, weil er f\u00fcr mich das rundum ausgewogenste Ger\u00e4t in der 2er Klasse war. Klasse Streckenfl\u00fcgel mit gern eingegangenen Kompromissen bei dynamischem Spa\u00dfhandling&#8230;\\r\\n<a href=\"\/\/para2000.org\/wings\/gin\/zoom.html\\&quot;\" target=\"\\&quot;_blank\\&quot;\" rel=\"\\&quot;noopener noopener\">Techn. Details&#8230;<\/a><\/p>\n<p>\\r\\n<\/p>\n<p>zur Diskussion standen sonst noch:<\/p>\n<p>\\r\\n\\r\\n<\/p>\n<ul>\n<li style=\"list-style-type: none;\">\n<ul>\\r\\n<\/p>\n<li>Independence &#8211; <a href=\"\/\/para2000.org\/wings\/independence\/raptor.html\\&quot;\" target=\"\\&quot;_blank\\&quot;\" rel=\"\\&quot;noopener noopener\">Raptor<\/a> (S &#8211; Breitenerprobung, gebraucht; zum Soaren und f\u00fcr die D\u00fcne &#8211; als Fun-Fl\u00fcgel ohne Reue im Sandkasten) &#8211; quasi fix&#8230;<\/li>\n<\/ul>\n<\/li>\n<\/ul>\n<p>\\r\\n<\/p>\n<ul>\n<li style=\"list-style-type: none;\">\n<ul>\n<li>Wings of Change &#8211; <a href=\"\/\/para2000.org\/wings\/wingsofchange\/nemeton.html\\&quot;\" target=\"\\&quot;_blank\\&quot;\" rel=\"\\&quot;noopener noopener\">Nemeton<\/a> (26 &#8211; DHV 2-3 einmal Probegeflogen und sofort verliebt; Bliebe nur noch der Preis&#8230; &#8211; keine Gleitleistung in ruhiger Luft! Wodurch sich das Thema f\u00fcr mich auch schon wieder erledigt hat)<\/li>\n<\/ul>\n<\/li>\n<\/ul>\n<p>\\r\\n<\/p>\n<ul>\n<li style=\"list-style-type: none;\">\n<ul>\n<li>Icaro &#8211; <a href=\"\/\/para2000.org\/wings\/icaro\/ice.html\\&quot;\" target=\"\\&quot;_blank\\&quot;\" rel=\"\\&quot;noopener noopener\">ICE<\/a> (M &#8211; auf den DHV2-Fl\u00fcgel durch Design und techn. Daten (Streckung 6.0!) gekommen, konnte ich ihn Anfang M\u00e4rz f\u00fcr 2 Wochen testen &#8211; siehe unten)<\/li>\n<\/ul>\n<\/li>\n<\/ul>\n<p>\\r\\n<\/p>\n<ul>\n<li style=\"list-style-type: none;\">\n<ul>\n<li><a href=\"\/\/para2000.org\/wings\/gradient\/aspen.html\\&quot;\" target=\"\\&quot;_blank\\&quot;\" rel=\"\\&quot;noopener noopener\">Gradient Aspen 26<\/a>\/<a href=\"\/\/para2000.org\/wings\/macpara\/intox.html\\&quot;\" target=\"\\&quot;_blank\\&quot;\" rel=\"\\&quot;noopener noopener\">MAC Para Intox<\/a> (beides erprobte 2003er Fl\u00fcgel aus dem oberen Leistungssegment der DHV 2er-Kategorie)<\/li>\n<\/ul>\n<\/li>\n<\/ul>\n<p>\\r\\n<\/p>\n<p>\\r\\n<\/p>\n<p>was aus der Kurios-Ecke: Bio Air Technologies &#8211; <a href=\"\/\/para2000.org\/wings\/bioair\/bionic2.html\\&quot;\" target=\"\\&quot;_blank\\&quot;\" rel=\"\\&quot;noopener noopener\">Bionic 4 <\/a>(brandneu &#8211; soll durch sein revolution\u00e4res Design (vogel\u00e4hnliche Kontur) eine neue \u00c4ra im Gelitschirmsport einl\u00e4uten; mal Abwarten bzw. bei der FCA probefliegen&#8230;<\/p>\n<\/div>\n<\/div>\n<\/div>\n<div class=\"ts-timeline-css-output-tags\"><i class=\"dashicons dashicons-tag\"><\/i><span>No Tags<\/span><\/div>\n<div class=\"ts-timeline-css-output-cats\"><i class=\"dashicons dashicons-category\"><\/i><span>No Categories<\/span><\/div>\n<div class=\"clearFixMe\"><\/div>\n<\/div>\n<\/div>\n<\/div><\/div><div class=\"ts-timeline-css-footer-wrap\"><div class=\"ts-timeline-css-end\"><div class=\"ts-timeline-css-end-text\">1.1.2020<\/div><\/div><div class=\"ts-timeline-css-footer\"><h3 class=\"ts-timeline-css-footer-title\">Gurtzeuge 2024<\/h3><\/div><\/div><div class=\"ts-timeline-css-begin ts-timeline-css-begin-bottom\"><div class=\"ts-timeline-css-begin-text\">heute<\/div><\/div><\/div><\/div><\/div><\/div><\/div>\n<\/div>","protected":false},"excerpt":{"rendered":"\u00dcber die Jahre hat sich die Ausr\u00fcstung von funktionsgorientiert auf die vielen Facetten des Gleitschirmfliegens spezialisiert. So gibt es von Thermik- &amp; Streckenfliegen, \u00fcber Hike&amp;Fly bis hin zur Acro-Fliegerei eine breite Palette von luftigen Bet\u00e4tigungsm\u00f6glichkeiten. Dementsprechend tun sich am Material- und Entwicklungssektor dieser immer noch ziemlich jungen Sportart alle paar Jahre kleine Welten auf. Hier [...]","protected":false},"author":4,"featured_media":0,"parent":0,"menu_order":0,"comment_status":"open","ping_status":"closed","template":"template-fullwidth.php","meta":{"footnotes":""},"class_list":["post-3413","page","type-page","status-publish","hentry"],"yoast_head":"<!-- This site is optimized with the Yoast SEO plugin v27.1.1 - https:\/\/yoast.com\/product\/yoast-seo-wordpress\/ -->\n<title>Flug-Zeug - Paragliding Homebase of Lex Rob\u00e9<\/title>\n<meta name=\"robots\" content=\"index, follow, max-snippet:-1, max-image-preview:large, max-video-preview:-1\" \/>\n<link rel=\"canonical\" href=\"https:\/\/www.xalps.com\/lex\/gear\/\" \/>\n<meta property=\"og:locale\" content=\"de_DE\" \/>\n<meta property=\"og:type\" content=\"article\" \/>\n<meta property=\"og:title\" content=\"Flug-Zeug - Paragliding Homebase of Lex Rob\u00e9\" \/>\n<meta property=\"og:url\" content=\"https:\/\/www.xalps.com\/lex\/gear\/\" \/>\n<meta property=\"og:site_name\" content=\"Paragliding Homebase of Lex Rob\u00e9\" \/>\n<meta property=\"article:publisher\" content=\"https:\/\/www.facebook.com\/lexrobe\" \/>\n<meta property=\"article:modified_time\" content=\"2024-02-16T08:19:25+00:00\" \/>\n<meta name=\"twitter:card\" content=\"summary_large_image\" \/>\n<meta name=\"twitter:label1\" content=\"Gesch\u00e4tzte Lesezeit\" \/>\n\t<meta name=\"twitter:data1\" content=\"4\u00a0Minuten\" \/>\n<script type=\"application\/ld+json\" class=\"yoast-schema-graph\">{\"@context\":\"https:\/\/schema.org\",\"@graph\":[{\"@type\":\"WebPage\",\"@id\":\"https:\/\/www.xalps.com\/lex\/gear\/\",\"url\":\"https:\/\/www.xalps.com\/lex\/gear\/\",\"name\":\"Flug-Zeug - Paragliding Homebase of Lex Rob\u00e9\",\"isPartOf\":{\"@id\":\"https:\/\/www.xalps.com\/lex\/#website\"},\"datePublished\":\"2012-10-18T01:50:23+00:00\",\"dateModified\":\"2024-02-16T08:19:25+00:00\",\"breadcrumb\":{\"@id\":\"https:\/\/www.xalps.com\/lex\/gear\/#breadcrumb\"},\"inLanguage\":\"de\",\"potentialAction\":[{\"@type\":\"ReadAction\",\"target\":[\"https:\/\/www.xalps.com\/lex\/gear\/\"]}]},{\"@type\":\"BreadcrumbList\",\"@id\":\"https:\/\/www.xalps.com\/lex\/gear\/#breadcrumb\",\"itemListElement\":[{\"@type\":\"ListItem\",\"position\":1,\"name\":\"Startseite\",\"item\":\"https:\/\/www.xalps.com\/lex\/\"},{\"@type\":\"ListItem\",\"position\":2,\"name\":\"Flug-Zeug\"}]},{\"@type\":\"WebSite\",\"@id\":\"https:\/\/www.xalps.com\/lex\/#website\",\"url\":\"https:\/\/www.xalps.com\/lex\/\",\"name\":\"Paragliding Homebase of Lex Rob\u00e9\",\"description\":\"Welcome to the world of my wings!\",\"potentialAction\":[{\"@type\":\"SearchAction\",\"target\":{\"@type\":\"EntryPoint\",\"urlTemplate\":\"https:\/\/www.xalps.com\/lex\/?s={search_term_string}\"},\"query-input\":{\"@type\":\"PropertyValueSpecification\",\"valueRequired\":true,\"valueName\":\"search_term_string\"}}],\"inLanguage\":\"de\"}]}<\/script>\n<!-- \/ Yoast SEO plugin. -->","yoast_head_json":{"title":"Flug-Zeug - Paragliding Homebase of Lex Rob\u00e9","robots":{"index":"index","follow":"follow","max-snippet":"max-snippet:-1","max-image-preview":"max-image-preview:large","max-video-preview":"max-video-preview:-1"},"canonical":"https:\/\/www.xalps.com\/lex\/gear\/","og_locale":"de_DE","og_type":"article","og_title":"Flug-Zeug - Paragliding Homebase of Lex Rob\u00e9","og_url":"https:\/\/www.xalps.com\/lex\/gear\/","og_site_name":"Paragliding Homebase of Lex Rob\u00e9","article_publisher":"https:\/\/www.facebook.com\/lexrobe","article_modified_time":"2024-02-16T08:19:25+00:00","twitter_card":"summary_large_image","twitter_misc":{"Gesch\u00e4tzte Lesezeit":"4\u00a0Minuten"},"schema":{"@context":"https:\/\/schema.org","@graph":[{"@type":"WebPage","@id":"https:\/\/www.xalps.com\/lex\/gear\/","url":"https:\/\/www.xalps.com\/lex\/gear\/","name":"Flug-Zeug - Paragliding Homebase of Lex Rob\u00e9","isPartOf":{"@id":"https:\/\/www.xalps.com\/lex\/#website"},"datePublished":"2012-10-18T01:50:23+00:00","dateModified":"2024-02-16T08:19:25+00:00","breadcrumb":{"@id":"https:\/\/www.xalps.com\/lex\/gear\/#breadcrumb"},"inLanguage":"de","potentialAction":[{"@type":"ReadAction","target":["https:\/\/www.xalps.com\/lex\/gear\/"]}]},{"@type":"BreadcrumbList","@id":"https:\/\/www.xalps.com\/lex\/gear\/#breadcrumb","itemListElement":[{"@type":"ListItem","position":1,"name":"Startseite","item":"https:\/\/www.xalps.com\/lex\/"},{"@type":"ListItem","position":2,"name":"Flug-Zeug"}]},{"@type":"WebSite","@id":"https:\/\/www.xalps.com\/lex\/#website","url":"https:\/\/www.xalps.com\/lex\/","name":"Paragliding Homebase of Lex Rob\u00e9","description":"Welcome to the world of my wings!","potentialAction":[{"@type":"SearchAction","target":{"@type":"EntryPoint","urlTemplate":"https:\/\/www.xalps.com\/lex\/?s={search_term_string}"},"query-input":{"@type":"PropertyValueSpecification","valueRequired":true,"valueName":"search_term_string"}}],"inLanguage":"de"}]}},"_links":{"self":[{"href":"https:\/\/www.xalps.com\/lex\/wp-json\/wp\/v2\/pages\/3413","targetHints":{"allow":["GET"]}}],"collection":[{"href":"https:\/\/www.xalps.com\/lex\/wp-json\/wp\/v2\/pages"}],"about":[{"href":"https:\/\/www.xalps.com\/lex\/wp-json\/wp\/v2\/types\/page"}],"author":[{"embeddable":true,"href":"https:\/\/www.xalps.com\/lex\/wp-json\/wp\/v2\/users\/4"}],"replies":[{"embeddable":true,"href":"https:\/\/www.xalps.com\/lex\/wp-json\/wp\/v2\/comments?post=3413"}],"version-history":[{"count":5,"href":"https:\/\/www.xalps.com\/lex\/wp-json\/wp\/v2\/pages\/3413\/revisions"}],"predecessor-version":[{"id":12090,"href":"https:\/\/www.xalps.com\/lex\/wp-json\/wp\/v2\/pages\/3413\/revisions\/12090"}],"wp:attachment":[{"href":"https:\/\/www.xalps.com\/lex\/wp-json\/wp\/v2\/media?parent=3413"}],"curies":[{"name":"wp","href":"https:\/\/api.w.org\/{rel}","templated":true}]}}