{"id":3373,"date":"2012-10-17T05:31:02","date_gmt":"2012-10-17T03:31:02","guid":{"rendered":"http:\/\/www.xalps.com\/lex\/?page_id=3373"},"modified":"2017-04-23T10:35:15","modified_gmt":"2017-04-23T09:35:15","slug":"me","status":"publish","type":"page","link":"https:\/\/www.xalps.com\/lex\/me\/","title":{"rendered":"\u00dcber mich&#8230;"},"content":{"rendered":"<div class=\"wpb-content-wrapper\"><div class=\"vc_row wpb_row vc_row-fluid\"><div class=\"wpb_column vc_column_container vc_col-sm-12\"><div class=\"vc_column-inner\"><div class=\"wpb_wrapper\">\n\t<div class=\"wpb_text_column wpb_content_element wpb_animate_when_almost_visible wpb_fadeInUp fadeInUp\" >\n\t\t<div class=\"wpb_wrapper\">\n\t\t\t<div id=\"attachment_3380\" style=\"width: 228px\" class=\"wp-caption alignleft\"><a href=\"http:\/\/www.xalps.com\/lex\/wp-content\/uploads\/2012\/10\/Vizestaatsmeister-Alexander-Rob\u00e9.jpg\" target=\"_blank\" rel=\"noopener noreferrer\"><img loading=\"lazy\" decoding=\"async\" aria-describedby=\"caption-attachment-3380\" class=\" wp-image-3380 \" style=\"margin: 5px;\" title=\"Vizestaatsmeister Alexander Rob\u00e9\" src=\"http:\/\/www.xalps.com\/lex\/wp-content\/uploads\/2012\/10\/Vizestaatsmeister-Alexander-Rob\u00e9-218x300.jpg\" alt=\"\" width=\"218\" height=\"300\" srcset=\"https:\/\/www.xalps.com\/lex\/wp-content\/uploads\/2012\/10\/Vizestaatsmeister-Alexander-Rob\u00e9-218x300.jpg 218w, https:\/\/www.xalps.com\/lex\/wp-content\/uploads\/2012\/10\/Vizestaatsmeister-Alexander-Rob\u00e9.jpg 470w\" sizes=\"auto, (max-width: 218px) 100vw, 218px\" \/><\/a><p id=\"caption-attachment-3380\" class=\"wp-caption-text\">Lex Rob\u00e9 &#8211; Streckenflieger aus Leidenschaft:<br \/>XC-Weltmeister 2015, Staats- &amp; Vizestaatsmeister; Top-10 weltweit<\/p><\/div>\n<p align=\"justify\"><span style=\"font-family: Arial;\"><div class=\"pullquote-right\"><br \/>\n\u201eAbheben, sich entlang der Berge hochhanteln, sie wenn m\u00f6glich zu \u00fcberfl\u00fcgeln und schlie\u00dflich von oben zu bewundern. Es z\u00e4hlt nur der Au<\/span><span style=\"font-family: Arial;\">genblick: ohne jeglichen l\u00e4rmenden Fremdantrieb, im Einklang mit den von der Natur zur Verf\u00fcgung gestellten Elementen Sonne, Wind und Boden. Das fasziniert mich noch immer jede Sekunde, in der ich in der Luft bin \u2013 egal, ob bei einem \u201eGamper-Abgleiter\u201c oder einem zehnst\u00fcndigen Langstreckenflug.\u201c<br \/>\n<\/div><\/span>Jedes Jahr gibt es bei mir eine Phase &#8211; beginnend mit den ersten w\u00e4rmenden Sonnenstrahlen &#8211; in der ein Hobby ganz gro\u00df geschrieben wird: <strong>Gleitschirmfliegen<\/strong>.<\/p>\n<p align=\"justify\">Seit Sommer 2001 machte ich mich bei flugtauglichem Sch\u00f6nwetter regelm\u00e4\u00dfig mit meinen Flieger-Freunden auf den Weg bergw\u00e4rts. Sei es f\u00fcr Genussfl\u00fcge vom Heimath\u00fcgel in Liezen oder ein mehrst\u00fcndiger Streckenflug &#8211; alles hat seinen speziellen Reiz.<\/p>\n<p>Mit dem Tuch durch die L\u00fcfte schweben bietet Fun sowie Genuss auf breiter Ebene: Herrliche Panoramen, adrenalingeschw\u00e4ngerte Extremsituationen (zumeist beabsichtigt *g*), gefolgt von Endorphin-Wallungen bei den oft butterweichen Gleitpassage dazwischen &#8211; gemeinsam mit Freunden und doch irgendwie f\u00fcr sich allein&#8230;<\/p>\n<p><span class=\"dropcap1\">W<\/span><img loading=\"lazy\" decoding=\"async\" class=\"alignright wp-image-3381\" style=\"margin: 5px;\" title=\"Lex_land_Smile\" src=\"http:\/\/www.xalps.com\/lex\/wp-content\/uploads\/2012\/10\/Lex_land_Smile-80x80.jpg\" alt=\"\" width=\"80\" height=\"80\" srcset=\"https:\/\/www.xalps.com\/lex\/wp-content\/uploads\/2012\/10\/Lex_land_Smile-80x80.jpg 80w, https:\/\/www.xalps.com\/lex\/wp-content\/uploads\/2012\/10\/Lex_land_Smile-150x150.jpg 150w, https:\/\/www.xalps.com\/lex\/wp-content\/uploads\/2012\/10\/Lex_land_Smile-45x45.jpg 45w, https:\/\/www.xalps.com\/lex\/wp-content\/uploads\/2012\/10\/Lex_land_Smile-79x79.jpg 79w\" sizes=\"auto, (max-width: 80px) 100vw, 80px\" \/><\/p>\n<p>&nbsp;<\/p>\n<p>eitere Details zu mir und meiner Fliegerlaufbahn im <a title=\"Pilotenprofil\" href=\"http:\/\/www.xalps.com\/lex\/pilotensteckbrief\/\" target=\"_blank\" rel=\"noopener noreferrer\">Pilotenprofil<\/a><\/p>\n<div class=\"hrule\"><\/div>\n<h3 style=\"text-align: center;\">VIEL SPA\u00df BEIM EINTAUCHEN IN MEINE LEISEN PANORAMEN AUS DER DRITTEN DIMENSION!<\/h3>\n\n\t\t<\/div>\n\t<\/div>\n<\/div><\/div><\/div><\/div><div class=\"vc_row wpb_row vc_row-fluid\"><div class=\"wpb_column vc_column_container vc_col-sm-12\"><div class=\"vc_column-inner\"><div class=\"wpb_wrapper\"><div class=\"vc_tta-container\" data-vc-action=\"collapse\"><div class=\"vc_general vc_tta vc_tta-tabs vc_tta-color-grey vc_tta-style-flat vc_tta-shape-rounded vc_tta-spacing-1 vc_tta-o-no-fill vc_tta-tabs-position-top vc_tta-controls-align-left wpb_animate_when_almost_visible wpb_fadeIn fadeIn\"><div class=\"vc_tta-tabs-container\"><ul class=\"vc_tta-tabs-list\"><li class=\"vc_tta-tab vc_active\" data-vc-tab><a href=\"#1492939002691-9a8e70e2-99a0\" data-vc-tabs data-vc-container=\".vc_tta\"><span class=\"vc_tta-title-text\">Was ist 'Streckenfliegen'?<\/span><\/a><\/li><li class=\"vc_tta-tab\" data-vc-tab><a href=\"#1492939002754-50e1e3f4-eb8e\" data-vc-tabs data-vc-container=\".vc_tta\"><span class=\"vc_tta-title-text\">Wie kommt man dazu?<\/span><\/a><\/li><li class=\"vc_tta-tab\" data-vc-tab><a href=\"#1492939232695-02b5afee-d96d\" data-vc-tabs data-vc-container=\".vc_tta\"><span class=\"vc_tta-title-text\">Wie ging's bei Dir los?<\/span><\/a><\/li><\/ul><\/div><div class=\"vc_tta-panels-container\"><div class=\"vc_tta-panels\"><div class=\"vc_tta-panel vc_active\" id=\"1492939002691-9a8e70e2-99a0\" data-vc-content=\".vc_tta-panel-body\"><div class=\"vc_tta-panel-heading\"><h4 class=\"vc_tta-panel-title\"><a href=\"#1492939002691-9a8e70e2-99a0\" data-vc-accordion data-vc-container=\".vc_tta-container\"><span class=\"vc_tta-title-text\">Was ist 'Streckenfliegen'?<\/span><\/a><\/h4><\/div><div class=\"vc_tta-panel-body\">\n\t<div class=\"wpb_text_column wpb_content_element wpb_animate_when_almost_visible wpb_fadeIn fadeIn\" >\n\t\t<div class=\"wpb_wrapper\">\n\t\t\t<p>Bei einem solchen Ritt durch die L\u00fcfte ist man an die zehn Stunden unterwegs und versucht mit m\u00f6glichst guter Linienwahl den Anteil des Thermik-Kreisens so kurz wie m\u00f6glich zu halten \u2013 somit werden nur die besten Thermiken genutzt und dazwischen ordentlich ins Gas gestiegen. Dadurch kann ein Gleitschirm, der normalerweise um die 40 km\/h fliegt, auf ca. 60 km\/h beschleunigt werden.\u201c \u00dcber die gesamte Flugdauer gesehen erreicht man so Schnittgeschwindigkeiten zwischen 25 und 30 km\/h.<\/p>\n\n\t\t<\/div>\n\t<\/div>\n<\/div><\/div><div class=\"vc_tta-panel\" id=\"1492939002754-50e1e3f4-eb8e\" data-vc-content=\".vc_tta-panel-body\"><div class=\"vc_tta-panel-heading\"><h4 class=\"vc_tta-panel-title\"><a href=\"#1492939002754-50e1e3f4-eb8e\" data-vc-accordion data-vc-container=\".vc_tta-container\"><span class=\"vc_tta-title-text\">Wie kommt man dazu?<\/span><\/a><\/h4><\/div><div class=\"vc_tta-panel-body\">\n\t<div class=\"wpb_text_column wpb_content_element wpb_animate_when_almost_visible wpb_fadeIn fadeIn\" >\n\t\t<div class=\"wpb_wrapper\">\n\t\t\t<p><em>Langsam.<\/em> Man beginnt in aller Regel mit der Gundausbildung bei der <a href=\"http:\/\/www.fva.at\/deutsch\/ausbildung\" target=\"_blank\" rel=\"noopener noreferrer\">Flugschule seiner Wahl<\/a>, geht bei geeigneten Wetterlage so oft wie m\u00f6glich fliegen, lernt Thermik-Kurbeln und die sich dabei bietenden Panoramen lieben &#8211; und kann schlie\u00dflich gar nicht mehr genug davon bekommen \ud83d\ude42<\/p>\n\n\t\t<\/div>\n\t<\/div>\n<\/div><\/div><div class=\"vc_tta-panel\" id=\"1492939232695-02b5afee-d96d\" data-vc-content=\".vc_tta-panel-body\"><div class=\"vc_tta-panel-heading\"><h4 class=\"vc_tta-panel-title\"><a href=\"#1492939232695-02b5afee-d96d\" data-vc-accordion data-vc-container=\".vc_tta-container\"><span class=\"vc_tta-title-text\">Wie ging's bei Dir los?<\/span><\/a><\/h4><\/div><div class=\"vc_tta-panel-body\">\n\t<div class=\"wpb_text_column wpb_content_element wpb_animate_when_almost_visible wpb_fadeIn fadeIn\" >\n\t\t<div class=\"wpb_wrapper\">\n\t\t\t<p>Nat\u00fcrlich auch mit dem <a href=\"http:\/\/www.xalps.com\/lex\/project\/da-roots\/\" target=\"_blank\" rel=\"noopener noreferrer\">Leitnhupfen<\/a>. Danach die Weiterbildung mit <a href=\"http:\/\/www.xalps.com\/lex\/project\/22-07-01-der-werdegang-zum-sopi\" target=\"_blank\" rel=\"noopener noreferrer\">Sonderpiloten-Schein<\/a> (&#8222;SoPi&#8220;) samt \u00dcberlandberechtigung&#8230;<\/p>\n\n\t\t<\/div>\n\t<\/div>\n<\/div><\/div><\/div><\/div><\/div><\/div><\/div><\/div><\/div><\/div>\n<\/div>","protected":false},"excerpt":{"rendered":"Lex Rob\u00e9 - Streckenflieger aus Leidenschaft:XC-Weltmeister 2015, Staats- &amp; Vizestaatsmeister; Top-10 weltweit \u201eAbheben, sich entlang der Berge hochhanteln, sie wenn m\u00f6glich zu \u00fcberfl\u00fcgeln und schlie\u00dflich von oben zu bewundern. Es z\u00e4hlt nur der Augenblick: ohne jeglichen l\u00e4rmenden Fremdantrieb, im Einklang mit den von der Natur zur Verf\u00fcgung gestellten Elementen Sonne, Wind und Boden. Das fasziniert [...]","protected":false},"author":4,"featured_media":3381,"parent":0,"menu_order":0,"comment_status":"open","ping_status":"closed","template":"template-fullwidth.php","meta":{"footnotes":""},"class_list":["post-3373","page","type-page","status-publish","has-post-thumbnail","hentry"],"yoast_head":"<!-- This site is optimized with the Yoast SEO plugin v27.1.1 - https:\/\/yoast.com\/product\/yoast-seo-wordpress\/ -->\n<title>\u00dcber mich... - Paragliding Homebase of Lex Rob\u00e9<\/title>\n<meta name=\"robots\" content=\"index, follow, max-snippet:-1, max-image-preview:large, max-video-preview:-1\" \/>\n<link rel=\"canonical\" href=\"https:\/\/www.xalps.com\/lex\/me\/\" \/>\n<meta property=\"og:locale\" content=\"de_DE\" \/>\n<meta property=\"og:type\" content=\"article\" \/>\n<meta property=\"og:title\" content=\"\u00dcber mich... - Paragliding Homebase of Lex Rob\u00e9\" \/>\n<meta property=\"og:url\" content=\"https:\/\/www.xalps.com\/lex\/me\/\" \/>\n<meta property=\"og:site_name\" content=\"Paragliding Homebase of Lex Rob\u00e9\" \/>\n<meta property=\"article:publisher\" content=\"https:\/\/www.facebook.com\/lexrobe\" \/>\n<meta property=\"article:modified_time\" content=\"2017-04-23T09:35:15+00:00\" \/>\n<meta property=\"og:image\" content=\"https:\/\/www.xalps.com\/lex\/wp-content\/uploads\/2012\/10\/Lex_land_Smile.jpg\" \/>\n\t<meta property=\"og:image:width\" content=\"400\" \/>\n\t<meta property=\"og:image:height\" content=\"456\" \/>\n\t<meta property=\"og:image:type\" content=\"image\/jpeg\" \/>\n<meta name=\"twitter:card\" content=\"summary_large_image\" \/>\n<meta name=\"twitter:label1\" content=\"Gesch\u00e4tzte Lesezeit\" \/>\n\t<meta name=\"twitter:data1\" content=\"2\u00a0Minuten\" \/>\n<script type=\"application\/ld+json\" class=\"yoast-schema-graph\">{\"@context\":\"https:\/\/schema.org\",\"@graph\":[{\"@type\":\"WebPage\",\"@id\":\"https:\/\/www.xalps.com\/lex\/me\/\",\"url\":\"https:\/\/www.xalps.com\/lex\/me\/\",\"name\":\"\u00dcber mich... - Paragliding Homebase of Lex Rob\u00e9\",\"isPartOf\":{\"@id\":\"https:\/\/www.xalps.com\/lex\/#website\"},\"primaryImageOfPage\":{\"@id\":\"https:\/\/www.xalps.com\/lex\/me\/#primaryimage\"},\"image\":{\"@id\":\"https:\/\/www.xalps.com\/lex\/me\/#primaryimage\"},\"thumbnailUrl\":\"https:\/\/www.xalps.com\/lex\/wp-content\/uploads\/2012\/10\/Lex_land_Smile.jpg\",\"datePublished\":\"2012-10-17T03:31:02+00:00\",\"dateModified\":\"2017-04-23T09:35:15+00:00\",\"breadcrumb\":{\"@id\":\"https:\/\/www.xalps.com\/lex\/me\/#breadcrumb\"},\"inLanguage\":\"de\",\"potentialAction\":[{\"@type\":\"ReadAction\",\"target\":[\"https:\/\/www.xalps.com\/lex\/me\/\"]}]},{\"@type\":\"ImageObject\",\"inLanguage\":\"de\",\"@id\":\"https:\/\/www.xalps.com\/lex\/me\/#primaryimage\",\"url\":\"https:\/\/www.xalps.com\/lex\/wp-content\/uploads\/2012\/10\/Lex_land_Smile.jpg\",\"contentUrl\":\"https:\/\/www.xalps.com\/lex\/wp-content\/uploads\/2012\/10\/Lex_land_Smile.jpg\",\"width\":\"400\",\"height\":\"456\"},{\"@type\":\"BreadcrumbList\",\"@id\":\"https:\/\/www.xalps.com\/lex\/me\/#breadcrumb\",\"itemListElement\":[{\"@type\":\"ListItem\",\"position\":1,\"name\":\"Startseite\",\"item\":\"https:\/\/www.xalps.com\/lex\/\"},{\"@type\":\"ListItem\",\"position\":2,\"name\":\"\u00dcber mich&#8230;\"}]},{\"@type\":\"WebSite\",\"@id\":\"https:\/\/www.xalps.com\/lex\/#website\",\"url\":\"https:\/\/www.xalps.com\/lex\/\",\"name\":\"Paragliding Homebase of Lex Rob\u00e9\",\"description\":\"Welcome to the world of my wings!\",\"potentialAction\":[{\"@type\":\"SearchAction\",\"target\":{\"@type\":\"EntryPoint\",\"urlTemplate\":\"https:\/\/www.xalps.com\/lex\/?s={search_term_string}\"},\"query-input\":{\"@type\":\"PropertyValueSpecification\",\"valueRequired\":true,\"valueName\":\"search_term_string\"}}],\"inLanguage\":\"de\"}]}<\/script>\n<!-- \/ Yoast SEO plugin. -->","yoast_head_json":{"title":"\u00dcber mich... - Paragliding Homebase of Lex Rob\u00e9","robots":{"index":"index","follow":"follow","max-snippet":"max-snippet:-1","max-image-preview":"max-image-preview:large","max-video-preview":"max-video-preview:-1"},"canonical":"https:\/\/www.xalps.com\/lex\/me\/","og_locale":"de_DE","og_type":"article","og_title":"\u00dcber mich... - Paragliding Homebase of Lex Rob\u00e9","og_url":"https:\/\/www.xalps.com\/lex\/me\/","og_site_name":"Paragliding Homebase of Lex Rob\u00e9","article_publisher":"https:\/\/www.facebook.com\/lexrobe","article_modified_time":"2017-04-23T09:35:15+00:00","og_image":[{"width":400,"height":456,"url":"https:\/\/www.xalps.com\/lex\/wp-content\/uploads\/2012\/10\/Lex_land_Smile.jpg","type":"image\/jpeg"}],"twitter_card":"summary_large_image","twitter_misc":{"Gesch\u00e4tzte Lesezeit":"2\u00a0Minuten"},"schema":{"@context":"https:\/\/schema.org","@graph":[{"@type":"WebPage","@id":"https:\/\/www.xalps.com\/lex\/me\/","url":"https:\/\/www.xalps.com\/lex\/me\/","name":"\u00dcber mich... - Paragliding Homebase of Lex Rob\u00e9","isPartOf":{"@id":"https:\/\/www.xalps.com\/lex\/#website"},"primaryImageOfPage":{"@id":"https:\/\/www.xalps.com\/lex\/me\/#primaryimage"},"image":{"@id":"https:\/\/www.xalps.com\/lex\/me\/#primaryimage"},"thumbnailUrl":"https:\/\/www.xalps.com\/lex\/wp-content\/uploads\/2012\/10\/Lex_land_Smile.jpg","datePublished":"2012-10-17T03:31:02+00:00","dateModified":"2017-04-23T09:35:15+00:00","breadcrumb":{"@id":"https:\/\/www.xalps.com\/lex\/me\/#breadcrumb"},"inLanguage":"de","potentialAction":[{"@type":"ReadAction","target":["https:\/\/www.xalps.com\/lex\/me\/"]}]},{"@type":"ImageObject","inLanguage":"de","@id":"https:\/\/www.xalps.com\/lex\/me\/#primaryimage","url":"https:\/\/www.xalps.com\/lex\/wp-content\/uploads\/2012\/10\/Lex_land_Smile.jpg","contentUrl":"https:\/\/www.xalps.com\/lex\/wp-content\/uploads\/2012\/10\/Lex_land_Smile.jpg","width":"400","height":"456"},{"@type":"BreadcrumbList","@id":"https:\/\/www.xalps.com\/lex\/me\/#breadcrumb","itemListElement":[{"@type":"ListItem","position":1,"name":"Startseite","item":"https:\/\/www.xalps.com\/lex\/"},{"@type":"ListItem","position":2,"name":"\u00dcber mich&#8230;"}]},{"@type":"WebSite","@id":"https:\/\/www.xalps.com\/lex\/#website","url":"https:\/\/www.xalps.com\/lex\/","name":"Paragliding Homebase of Lex Rob\u00e9","description":"Welcome to the world of my wings!","potentialAction":[{"@type":"SearchAction","target":{"@type":"EntryPoint","urlTemplate":"https:\/\/www.xalps.com\/lex\/?s={search_term_string}"},"query-input":{"@type":"PropertyValueSpecification","valueRequired":true,"valueName":"search_term_string"}}],"inLanguage":"de"}]}},"_links":{"self":[{"href":"https:\/\/www.xalps.com\/lex\/wp-json\/wp\/v2\/pages\/3373","targetHints":{"allow":["GET"]}}],"collection":[{"href":"https:\/\/www.xalps.com\/lex\/wp-json\/wp\/v2\/pages"}],"about":[{"href":"https:\/\/www.xalps.com\/lex\/wp-json\/wp\/v2\/types\/page"}],"author":[{"embeddable":true,"href":"https:\/\/www.xalps.com\/lex\/wp-json\/wp\/v2\/users\/4"}],"replies":[{"embeddable":true,"href":"https:\/\/www.xalps.com\/lex\/wp-json\/wp\/v2\/comments?post=3373"}],"version-history":[{"count":0,"href":"https:\/\/www.xalps.com\/lex\/wp-json\/wp\/v2\/pages\/3373\/revisions"}],"wp:featuredmedia":[{"embeddable":true,"href":"https:\/\/www.xalps.com\/lex\/wp-json\/wp\/v2\/media\/3381"}],"wp:attachment":[{"href":"https:\/\/www.xalps.com\/lex\/wp-json\/wp\/v2\/media?parent=3373"}],"curies":[{"name":"wp","href":"https:\/\/api.w.org\/{rel}","templated":true}]}}