{"id":4845,"date":"2014-05-11T17:46:38","date_gmt":"2014-05-11T15:46:38","guid":{"rendered":"http:\/\/xalps.com\/2003\/?page_id=4845"},"modified":"2017-04-23T18:24:18","modified_gmt":"2017-04-23T16:24:18","slug":"herausforderung","status":"publish","type":"page","link":"https:\/\/www.xalps.com\/2003\/herausforderung\/","title":{"rendered":"Die Herausforderung"},"content":{"rendered":"<div class=\"fusion-fullwidth fullwidth-box fusion-builder-row-1 hundred-percent-fullwidth non-hundred-percent-height-scrolling\" style=\"background-color: rgba(255,255,255,0);background-position: center center;background-repeat: no-repeat;padding-top:0px;padding-right:0px;padding-bottom:0px;padding-left:0px;margin-bottom: 0px;margin-top: 0px;border-width: 0px 0px 0px 0px;border-color:#eae9e9;border-style:solid;\" ><div class=\"fusion-builder-row fusion-row\"><div class=\"fusion-layout-column fusion_builder_column fusion-builder-column-0 fusion_builder_column_1_3 1_3 fusion-one-third fusion-column-first\" style=\"width:33.3333333333%;width:calc(33.3333333333% - ( ( 4% ) * 0.333333333333 ) );margin-right: 4%;margin-top:0px;margin-bottom:20px;\"><div class=\"fusion-column-wrapper fusion-flex-column-wrapper-legacy\" style=\"background-position:left top;background-repeat:no-repeat;-webkit-background-size:cover;-moz-background-size:cover;-o-background-size:cover;background-size:cover;padding: 0px 0px 0px 0px;\">\n<p style=\"text-align: center;\"><a href=\"http:\/\/xalps.com\/2003\/wp-content\/uploads\/2014\/05\/xalps-rund.jpg\" data-rel=\"lightbox-gallery-ljVw6XL4\" data-rl_title=\"\" data-rl_caption=\"\" title=\"\"><img decoding=\"async\" class=\"aligncenter wp-image-4847 size-medium\" src=\"http:\/\/xalps.com\/2003\/wp-content\/uploads\/2014\/05\/xalps-rund-300x233.jpg\" alt=\"xalps-route\" width=\"300\" height=\"233\" srcset=\"https:\/\/www.xalps.com\/2003\/wp-content\/uploads\/2014\/05\/xalps-rund-300x233.jpg 300w, https:\/\/www.xalps.com\/2003\/wp-content\/uploads\/2014\/05\/xalps-rund-1024x796.jpg 1024w, https:\/\/www.xalps.com\/2003\/wp-content\/uploads\/2014\/05\/xalps-rund.jpg 1388w\" sizes=\"(max-width: 300px) 100vw, 300px\" \/><\/a><strong style=\"text-align: center;\">Nur 3 Wochen Zeit f\u00fcr die 800 km quer \u00fcber die Alpen &#8211; absolut tough!<\/strong><\/p>\n<p style=\"text-align: center;\"><div class=\"fusion-clearfix\"><\/div><\/div><\/div>\n<div class=\"fusion-layout-column fusion_builder_column fusion-builder-column-1 fusion_builder_column_2_3 2_3 fusion-two-third fusion-column-last\" style=\"width:66.6666666667%;width:calc(66.6666666667% - ( ( 4% ) * 0.666666666667 ) );margin-top:0px;margin-bottom:20px;\"><div class=\"fusion-column-wrapper fusion-flex-column-wrapper-legacy\" style=\"background-position:left top;background-repeat:no-repeat;-webkit-background-size:cover;-moz-background-size:cover;-o-background-size:cover;background-size:cover;padding: 0px 0px 0px 0px;\"><style type=\"text\/css\"><\/style><div class=\"fusion-title title fusion-title-1 fusion-title-text fusion-title-size-two\" style=\"margin-top:0px;margin-right:0px;margin-bottom:31px;margin-left:0px;\"><h2 class=\"title-heading-left\" style=\"margin:0;\">Red Bull X-Alps<\/h2><span class=\"awb-title-spacer\"><\/span><div class=\"title-sep-container\"><div class=\"title-sep sep-double sep-solid\" style=\"border-color:#e0dede;\"><\/div><\/div><\/div>Am 14. Juli startet vom Dachstein-Massiv in der Steiermark, \u00d6sterreich der h\u00e4rteste Paragliding-Wettkampf der Welt: Red Bull X-Alps. 15 Teams \u00fcberqueren die Alpen \u2013 von Ost nach West und ohne jegliche andere Transportmittel. Monaco, das Ziel, ist 800 Kilometer Luftlinie vom Dachstein entfernt und muss innerhalb von drei Wochen erreicht sein. Dotation des Alpen-Rennens: insgesamt 35.000 Euro.<\/p>\n<p>Der Event ist deswegen so extrem, weil die Etappen abends nicht enden und kein vorbereitetes Lager zum Relaxen auf die Athleten wartet. Die Piloten werden am Berg \u00fcbernachten, um am n\u00e4chsten Morgen sofort weiterfliegen zu k\u00f6nnen. Einen vergleichbaren Event gab es in der Gleitschirmszene noch nie.\u201d<div class=\"fusion-clearfix\"><\/div><\/div><\/div><div class=\"fusion-layout-column fusion_builder_column fusion-builder-column-2 fusion_builder_column_1_1 1_1 fusion-one-full fusion-column-first fusion-column-last fusion-column-no-min-height\" style=\"margin-top:0px;margin-bottom:0px;\"><div class=\"fusion-column-wrapper fusion-flex-column-wrapper-legacy\" style=\"background-position:left top;background-repeat:no-repeat;-webkit-background-size:cover;-moz-background-size:cover;-o-background-size:cover;background-size:cover;padding: 0px 0px 0px 0px;\"><div class=\"fusion-tabs fusion-tabs-1 classic vertical-tabs icon-position-left\"><style type=\"text\/css\">.fusion-tabs.fusion-tabs-1 .nav-tabs li a.tab-link{border-top-color:#f1f2f2;background-color:#f1f2f2;}.fusion-tabs.fusion-tabs-1 .nav-tabs{background-color:#ffffff;}.fusion-tabs.fusion-tabs-1 .nav-tabs li.active a.tab-link,.fusion-tabs.fusion-tabs-1 .nav-tabs li.active a.tab-link:hover,.fusion-tabs.fusion-tabs-1 .nav-tabs li.active a.tab-link:focus{border-right-color:#ffffff;}.fusion-tabs.fusion-tabs-1 .nav-tabs li.active a.tab-link,.fusion-tabs.fusion-tabs-1 .nav-tabs li.active a.tab-link:hover,.fusion-tabs.fusion-tabs-1 .nav-tabs li.active a.tab-link:focus{background-color:#ffffff;}.fusion-tabs.fusion-tabs-1 .nav-tabs li a:hover{background-color:#ffffff;border-top-color:#ffffff;}.fusion-tabs.fusion-tabs-1 .tab-pane{background-color:#ffffff;}.fusion-tabs.fusion-tabs-1 .nav,.fusion-tabs.fusion-tabs-1 .nav-tabs,.fusion-tabs.fusion-tabs-1 .tab-content .tab-pane{border-color:#ebeaea;}<\/style><div class=\"nav\"><ul class=\"nav-tabs\" role=\"tablist\"><li class=\"active\" role=\"presentation\"><a class=\"tab-link\" data-toggle=\"tab\" role=\"tab\" aria-controls=\"tab-90809b8f13cfa4ec1f5\" aria-selected=\"true\" id=\"fusion-tab-unterst\u00fctzungvom\u201cbodenpersonal\u201d\" href=\"#tab-90809b8f13cfa4ec1f5\"><h4 class=\"fusion-tab-heading\">Unterst\u00fctzung vom \u201cBodenpersonal\u201d <\/h4><\/a><\/li><li role=\"presentation\"><a class=\"tab-link\" data-toggle=\"tab\" role=\"tab\" aria-controls=\"tab-a1c8d08670aca0492f3\" aria-selected=\"false\" tabindex=\"-1\" id=\"fusion-tab-dreiwochenalszeit-limit\" href=\"#tab-a1c8d08670aca0492f3\"><h4 class=\"fusion-tab-heading\">Drei Wochen als Zeit-Limit<\/h4><\/a><\/li><li role=\"presentation\"><a class=\"tab-link\" data-toggle=\"tab\" role=\"tab\" aria-controls=\"tab-474828d5dc9835ba837\" aria-selected=\"false\" tabindex=\"-1\" id=\"fusion-tab-live-berichterstattungviainternet\" href=\"#tab-474828d5dc9835ba837\"><h4 class=\"fusion-tab-heading\">Live-Berichterstattung via Internet<\/h4><\/a><\/li><li role=\"presentation\"><a class=\"tab-link\" data-toggle=\"tab\" role=\"tab\" aria-controls=\"tab-6a7ab30b6a0b4f83b53\" aria-selected=\"false\" tabindex=\"-1\" id=\"fusion-tab-nurwerhartzusichselbstist,kanngewinnen\" href=\"#tab-6a7ab30b6a0b4f83b53\"><h4 class=\"fusion-tab-heading\">Nur wer hart zu sich selbst ist, kann gewinnen<\/h4><\/a><\/li><\/ul><\/div><div class=\"tab-content\"><div class=\"nav fusion-mobile-tab-nav\"><ul class=\"nav-tabs\" role=\"tablist\"><li class=\"active\" role=\"presentation\"><a class=\"tab-link\" data-toggle=\"tab\" role=\"tab\" aria-controls=\"tab-90809b8f13cfa4ec1f5\" aria-selected=\"true\" id=\"mobile-fusion-tab-unterst\u00fctzungvom\u201cbodenpersonal\u201d\" href=\"#tab-90809b8f13cfa4ec1f5\"><h4 class=\"fusion-tab-heading\">Unterst\u00fctzung vom \u201cBodenpersonal\u201d <\/h4><\/a><\/li><\/ul><\/div><div class=\"tab-pane fade fusion-clearfix in active\" role=\"tabpanel\" tabindex=\"0\" aria-labelledby=\"fusion-tab-unterst\u00fctzungvom\u201cbodenpersonal\u201d\" id=\"tab-90809b8f13cfa4ec1f5\"><i class=\"fb-icon-element-1 fb-icon-element fontawesome-icon fa fa-user circle-yes fusion-text-flow\" style=\"font-size:35.2px;line-height:68.4px;height:70.4px;width:70.4px;border-width:1px;border-radius:50% 50% 50% 50%;margin-right:20px;\"><\/i><style>i.fb-icon-element.fontawesome-icon.fb-icon-element-1{ color: #ffffff; background-color: #333333; border-color: #333333;}i.fb-icon-element.fontawesome-icon.fb-icon-element-1:hover { color: #ffffff; background-color: #333333; border-color: #333333;}<\/style> Die Route vom Dachstein nach Monaco ist individuell zu w\u00e4hlen. Unterst\u00fctzt werden die 15 Gleitschirmpiloten am Boden von je einem \u201cSupporter\u201d, der seinen Athleten mit Verpflegung, Ersatzteilen und Informationen wie der t\u00e4glichen Wettervorhersage versorgt.<\/div><div class=\"nav fusion-mobile-tab-nav\"><ul class=\"nav-tabs\" role=\"tablist\"><li role=\"presentation\"><a class=\"tab-link\" data-toggle=\"tab\" role=\"tab\" aria-controls=\"tab-a1c8d08670aca0492f3\" aria-selected=\"false\" tabindex=\"-1\" id=\"mobile-fusion-tab-dreiwochenalszeit-limit\" href=\"#tab-a1c8d08670aca0492f3\"><h4 class=\"fusion-tab-heading\">Drei Wochen als Zeit-Limit<\/h4><\/a><\/li><\/ul><\/div><div class=\"tab-pane fade fusion-clearfix\" role=\"tabpanel\" tabindex=\"0\" aria-labelledby=\"fusion-tab-unterst\u00fctzungvom\u201cbodenpersonal\u201d\" id=\"tab-a1c8d08670aca0492f3\"><i class=\"fb-icon-element-2 fb-icon-element fontawesome-icon fa fa-bolt circle-yes fusion-text-flow\" style=\"font-size:35.2px;line-height:68.4px;height:70.4px;width:70.4px;border-width:1px;border-radius:50% 50% 50% 50%;margin-right:20px;\"><\/i><style>i.fb-icon-element.fontawesome-icon.fb-icon-element-2{ color: #ffffff; background-color: #333333; border-color: #333333;}i.fb-icon-element.fontawesome-icon.fb-icon-element-2:hover { color: #ffffff; background-color: #333333; border-color: #333333;}<\/style>Red Bull X-Alps ist vor allem ein beinharter Wettkampf gegen die Zeit. Das Rennen ist mit drei Wochen Dauer limitiert; erreicht kein Team bis dahin das Ziel Monaco, wird Red Bull X-Alps 2003 abgebrochen, die Athleten gem\u00e4ss ihrer aktuellen Position\u00a0mit Punkten bewertet und ein reduziertes Preisgeld von 25.000 Euro wird gem\u00e4ss Punktestand aufgeteilt.<\/p>\n<p style=\"text-align: left;\">Die restlichen 10.000 Euro Preisgeld addieren sich als &#8222;Jackpot&#8220; zum Preisgeld der Red Bull X-Alps 2004 hinzu.<\/div><div class=\"nav fusion-mobile-tab-nav\"><ul class=\"nav-tabs\" role=\"tablist\"><li role=\"presentation\"><a class=\"tab-link\" data-toggle=\"tab\" role=\"tab\" aria-controls=\"tab-474828d5dc9835ba837\" aria-selected=\"false\" tabindex=\"-1\" id=\"mobile-fusion-tab-live-berichterstattungviainternet\" href=\"#tab-474828d5dc9835ba837\"><h4 class=\"fusion-tab-heading\">Live-Berichterstattung via Internet<\/h4><\/a><\/li><\/ul><\/div><div class=\"tab-pane fade fusion-clearfix\" role=\"tabpanel\" tabindex=\"0\" aria-labelledby=\"fusion-tab-unterst\u00fctzungvom\u201cbodenpersonal\u201d\" id=\"tab-474828d5dc9835ba837\"><i class=\"fb-icon-element-3 fb-icon-element fontawesome-icon fa fa-laptop circle-yes fusion-text-flow\" style=\"font-size:35.2px;line-height:68.4px;height:70.4px;width:70.4px;border-width:1px;border-radius:50% 50% 50% 50%;margin-right:20px;\"><\/i><style>i.fb-icon-element.fontawesome-icon.fb-icon-element-3{ color: #ffffff; background-color: #333333; border-color: #333333;}i.fb-icon-element.fontawesome-icon.fb-icon-element-3:hover { color: #ffffff; background-color: #333333; border-color: #333333;}<\/style>W\u00e4hrend des Rennens wird ein brandneues GPS-Tracking System eingesetzt, welches es erstmals erm\u00f6glicht, die Position des Piloten bei seiner Flugroute \u00fcber die Alpen live zu beobachten. Regelm\u00e4\u00dfige Positionsupdates werden visualisiert, damit der User seinem Team jederzeit folgen kann.<\/div><div class=\"nav fusion-mobile-tab-nav\"><ul class=\"nav-tabs\" role=\"tablist\"><li role=\"presentation\"><a class=\"tab-link\" data-toggle=\"tab\" role=\"tab\" aria-controls=\"tab-6a7ab30b6a0b4f83b53\" aria-selected=\"false\" tabindex=\"-1\" id=\"mobile-fusion-tab-nurwerhartzusichselbstist,kanngewinnen\" href=\"#tab-6a7ab30b6a0b4f83b53\"><h4 class=\"fusion-tab-heading\">Nur wer hart zu sich selbst ist, kann gewinnen<\/h4><\/a><\/li><\/ul><\/div><div class=\"tab-pane fade fusion-clearfix\" role=\"tabpanel\" tabindex=\"0\" aria-labelledby=\"fusion-tab-unterst\u00fctzungvom\u201cbodenpersonal\u201d\" id=\"tab-6a7ab30b6a0b4f83b53\"><i class=\"fb-icon-element-4 fb-icon-element fontawesome-icon fa fa-thumbs-up circle-yes fusion-text-flow\" style=\"font-size:35.2px;line-height:68.4px;height:70.4px;width:70.4px;border-width:1px;border-radius:50% 50% 50% 50%;margin-right:20px;\"><\/i><style>i.fb-icon-element.fontawesome-icon.fb-icon-element-4{ color: #ffffff; background-color: #333333; border-color: #333333;}i.fb-icon-element.fontawesome-icon.fb-icon-element-4:hover { color: #ffffff; background-color: #333333; border-color: #333333;}<\/style>Wenn aufgrund von Schlechtwetter nicht geflogen werden kann, dann m\u00fcssen die Teilnehmer zu Fu\u00df Meter und Zeit in den Alpen gewinnen. Denn mobile Hilfsmittel jeder Art sind nat\u00fcrlich verboten. Es bleibt keine Zeit, auf besseres Wetter zu warten. Nur wer hart zu sich selbst ist, kann gewinnen.<\/div><\/div><\/div>\n<p style=\"text-align: center;\">Nur die Weltbesten sind dieser Herausforderung gewachsen! Zu ihnen geh\u00f6rt einer ganz bestimmt: <a title=\"Gerhard Gassner\" href=\"http:\/\/xalps.com\/2003\/gassi\/\"><strong>Gerhard Gassner<\/strong><\/a>!<\/p>\n<div class=\"fusion-clearfix\"><\/div><\/div><\/div><\/div><style type=\"text\/css\">.fusion-fullwidth.fusion-builder-row-1 { overflow:visible; }<\/style><\/div>\n","protected":false},"excerpt":{"rendered":"","protected":false},"author":1,"featured_media":0,"parent":0,"menu_order":0,"comment_status":"open","ping_status":"closed","template":"","meta":{"footnotes":""},"class_list":["post-4845","page","type-page","status-publish","hentry"],"yoast_head":"<!-- This site is optimized with the Yoast SEO plugin v26.4 - https:\/\/yoast.com\/wordpress\/plugins\/seo\/ -->\n<title>Die Herausforderung - XAlps.com -= the ultimate paragliding race =-<\/title>\n<meta name=\"robots\" content=\"index, follow, max-snippet:-1, max-image-preview:large, max-video-preview:-1\" \/>\n<link rel=\"canonical\" href=\"https:\/\/www.xalps.com\/2003\/herausforderung\/\" \/>\n<meta property=\"og:locale\" content=\"de_DE\" \/>\n<meta property=\"og:type\" content=\"article\" \/>\n<meta property=\"og:title\" content=\"Die Herausforderung - XAlps.com -= the ultimate paragliding race =-\" \/>\n<meta property=\"og:url\" content=\"https:\/\/www.xalps.com\/2003\/herausforderung\/\" \/>\n<meta property=\"og:site_name\" content=\"XAlps.com -= the ultimate paragliding race =-\" \/>\n<meta property=\"article:modified_time\" content=\"2017-04-23T16:24:18+00:00\" \/>\n<meta property=\"og:image\" content=\"https:\/\/www.xalps.com\/2003\/wp-content\/uploads\/2014\/05\/xalps-rund.jpg\" \/>\n\t<meta property=\"og:image:width\" content=\"1388\" \/>\n\t<meta property=\"og:image:height\" content=\"1080\" \/>\n\t<meta property=\"og:image:type\" content=\"image\/jpeg\" \/>\n<meta name=\"twitter:card\" content=\"summary_large_image\" \/>\n<meta name=\"twitter:label1\" content=\"Gesch\u00e4tzte Lesezeit\" \/>\n\t<meta name=\"twitter:data1\" content=\"3\u00a0Minuten\" \/>\n<script type=\"application\/ld+json\" class=\"yoast-schema-graph\">{\"@context\":\"https:\/\/schema.org\",\"@graph\":[{\"@type\":\"WebPage\",\"@id\":\"https:\/\/www.xalps.com\/2003\/herausforderung\/\",\"url\":\"https:\/\/www.xalps.com\/2003\/herausforderung\/\",\"name\":\"Die Herausforderung - XAlps.com -= the ultimate paragliding race =-\",\"isPartOf\":{\"@id\":\"https:\/\/www.xalps.com\/2003\/#website\"},\"primaryImageOfPage\":{\"@id\":\"https:\/\/www.xalps.com\/2003\/herausforderung\/#primaryimage\"},\"image\":{\"@id\":\"https:\/\/www.xalps.com\/2003\/herausforderung\/#primaryimage\"},\"thumbnailUrl\":\"http:\/\/xalps.com\/2003\/wp-content\/uploads\/2014\/05\/xalps-rund-300x233.jpg\",\"datePublished\":\"2014-05-11T15:46:38+00:00\",\"dateModified\":\"2017-04-23T16:24:18+00:00\",\"breadcrumb\":{\"@id\":\"https:\/\/www.xalps.com\/2003\/herausforderung\/#breadcrumb\"},\"inLanguage\":\"de\",\"potentialAction\":[{\"@type\":\"ReadAction\",\"target\":[\"https:\/\/www.xalps.com\/2003\/herausforderung\/\"]}]},{\"@type\":\"ImageObject\",\"inLanguage\":\"de\",\"@id\":\"https:\/\/www.xalps.com\/2003\/herausforderung\/#primaryimage\",\"url\":\"http:\/\/xalps.com\/2003\/wp-content\/uploads\/2014\/05\/xalps-rund-300x233.jpg\",\"contentUrl\":\"http:\/\/xalps.com\/2003\/wp-content\/uploads\/2014\/05\/xalps-rund-300x233.jpg\"},{\"@type\":\"BreadcrumbList\",\"@id\":\"https:\/\/www.xalps.com\/2003\/herausforderung\/#breadcrumb\",\"itemListElement\":[{\"@type\":\"ListItem\",\"position\":1,\"name\":\"Startseite\",\"item\":\"https:\/\/www.xalps.com\/2003\/\"},{\"@type\":\"ListItem\",\"position\":2,\"name\":\"Die Herausforderung\"}]},{\"@type\":\"WebSite\",\"@id\":\"https:\/\/www.xalps.com\/2003\/#website\",\"url\":\"https:\/\/www.xalps.com\/2003\/\",\"name\":\"XAlps.com -= the ultimate paragliding race =-\",\"description\":\"800km across the Alps\",\"potentialAction\":[{\"@type\":\"SearchAction\",\"target\":{\"@type\":\"EntryPoint\",\"urlTemplate\":\"https:\/\/www.xalps.com\/2003\/?s={search_term_string}\"},\"query-input\":{\"@type\":\"PropertyValueSpecification\",\"valueRequired\":true,\"valueName\":\"search_term_string\"}}],\"inLanguage\":\"de\"}]}<\/script>\n<!-- \/ Yoast SEO plugin. -->","yoast_head_json":{"title":"Die Herausforderung - XAlps.com -= the ultimate paragliding race =-","robots":{"index":"index","follow":"follow","max-snippet":"max-snippet:-1","max-image-preview":"max-image-preview:large","max-video-preview":"max-video-preview:-1"},"canonical":"https:\/\/www.xalps.com\/2003\/herausforderung\/","og_locale":"de_DE","og_type":"article","og_title":"Die Herausforderung - XAlps.com -= the ultimate paragliding race =-","og_url":"https:\/\/www.xalps.com\/2003\/herausforderung\/","og_site_name":"XAlps.com -= the ultimate paragliding race =-","article_modified_time":"2017-04-23T16:24:18+00:00","og_image":[{"width":1388,"height":1080,"url":"https:\/\/www.xalps.com\/2003\/wp-content\/uploads\/2014\/05\/xalps-rund.jpg","type":"image\/jpeg"}],"twitter_card":"summary_large_image","twitter_misc":{"Gesch\u00e4tzte Lesezeit":"3\u00a0Minuten"},"schema":{"@context":"https:\/\/schema.org","@graph":[{"@type":"WebPage","@id":"https:\/\/www.xalps.com\/2003\/herausforderung\/","url":"https:\/\/www.xalps.com\/2003\/herausforderung\/","name":"Die Herausforderung - XAlps.com -= the ultimate paragliding race =-","isPartOf":{"@id":"https:\/\/www.xalps.com\/2003\/#website"},"primaryImageOfPage":{"@id":"https:\/\/www.xalps.com\/2003\/herausforderung\/#primaryimage"},"image":{"@id":"https:\/\/www.xalps.com\/2003\/herausforderung\/#primaryimage"},"thumbnailUrl":"http:\/\/xalps.com\/2003\/wp-content\/uploads\/2014\/05\/xalps-rund-300x233.jpg","datePublished":"2014-05-11T15:46:38+00:00","dateModified":"2017-04-23T16:24:18+00:00","breadcrumb":{"@id":"https:\/\/www.xalps.com\/2003\/herausforderung\/#breadcrumb"},"inLanguage":"de","potentialAction":[{"@type":"ReadAction","target":["https:\/\/www.xalps.com\/2003\/herausforderung\/"]}]},{"@type":"ImageObject","inLanguage":"de","@id":"https:\/\/www.xalps.com\/2003\/herausforderung\/#primaryimage","url":"http:\/\/xalps.com\/2003\/wp-content\/uploads\/2014\/05\/xalps-rund-300x233.jpg","contentUrl":"http:\/\/xalps.com\/2003\/wp-content\/uploads\/2014\/05\/xalps-rund-300x233.jpg"},{"@type":"BreadcrumbList","@id":"https:\/\/www.xalps.com\/2003\/herausforderung\/#breadcrumb","itemListElement":[{"@type":"ListItem","position":1,"name":"Startseite","item":"https:\/\/www.xalps.com\/2003\/"},{"@type":"ListItem","position":2,"name":"Die Herausforderung"}]},{"@type":"WebSite","@id":"https:\/\/www.xalps.com\/2003\/#website","url":"https:\/\/www.xalps.com\/2003\/","name":"XAlps.com -= the ultimate paragliding race =-","description":"800km across the Alps","potentialAction":[{"@type":"SearchAction","target":{"@type":"EntryPoint","urlTemplate":"https:\/\/www.xalps.com\/2003\/?s={search_term_string}"},"query-input":{"@type":"PropertyValueSpecification","valueRequired":true,"valueName":"search_term_string"}}],"inLanguage":"de"}]}},"_links":{"self":[{"href":"https:\/\/www.xalps.com\/2003\/wp-json\/wp\/v2\/pages\/4845","targetHints":{"allow":["GET"]}}],"collection":[{"href":"https:\/\/www.xalps.com\/2003\/wp-json\/wp\/v2\/pages"}],"about":[{"href":"https:\/\/www.xalps.com\/2003\/wp-json\/wp\/v2\/types\/page"}],"author":[{"embeddable":true,"href":"https:\/\/www.xalps.com\/2003\/wp-json\/wp\/v2\/users\/1"}],"replies":[{"embeddable":true,"href":"https:\/\/www.xalps.com\/2003\/wp-json\/wp\/v2\/comments?post=4845"}],"version-history":[{"count":1,"href":"https:\/\/www.xalps.com\/2003\/wp-json\/wp\/v2\/pages\/4845\/revisions"}],"predecessor-version":[{"id":5472,"href":"https:\/\/www.xalps.com\/2003\/wp-json\/wp\/v2\/pages\/4845\/revisions\/5472"}],"wp:attachment":[{"href":"https:\/\/www.xalps.com\/2003\/wp-json\/wp\/v2\/media?parent=4845"}],"curies":[{"name":"wp","href":"https:\/\/api.w.org\/{rel}","templated":true}]}}