{"id":4791,"date":"2014-05-11T01:15:58","date_gmt":"2014-05-10T23:15:58","guid":{"rendered":"http:\/\/xalps.com\/2003\/?page_id=4791"},"modified":"2017-04-23T18:24:18","modified_gmt":"2017-04-23T16:24:18","slug":"news","status":"publish","type":"page","link":"https:\/\/www.xalps.com\/2003\/","title":{"rendered":"Home"},"content":{"rendered":"<h1 style=\"text-align: center;\">Willkommen auf XAlps.com!<\/h1>\n<p style=\"text-align: center;\"><strong>Auf dieser Site dreht sich alles um&#8217;s Streckenfliegen in den Alpen.<\/strong><\/p>\n<p style=\"text-align: center;\">\u00a0(X-Country Paragleiten in den Alpen -&gt;XAlps! *g*) &#8211; und hier vorwiegend in den den \u00f6sterreichischen&#8230;<\/p>\n<p><a href=\"http:\/\/xalps.com\/2003\/wp-content\/uploads\/2014\/05\/xalps_kulm.jpg\" data-rel=\"lightbox-gallery-bHF1hUw3\" data-rl_title=\"\" data-rl_caption=\"\" title=\"\"><img decoding=\"async\" class=\"wp-image-4786 size-full aligncenter\" src=\"http:\/\/xalps.com\/2003\/wp-content\/uploads\/2014\/05\/xalps_kulm.jpg\" alt=\"xalps_kulm\" width=\"600\" height=\"160\" srcset=\"https:\/\/www.xalps.com\/2003\/wp-content\/uploads\/2014\/05\/xalps_kulm-300x80.jpg 300w, https:\/\/www.xalps.com\/2003\/wp-content\/uploads\/2014\/05\/xalps_kulm.jpg 600w\" sizes=\"(max-width: 600px) 100vw, 600px\" \/><\/a><\/p>\n<table width=\"600\" align=\"center\">\n<tbody>\n<tr>\n<td style=\"text-align: center;\" width=\"50%\"><strong>Red Bull: Einmal mehr der Motor in der Extremsportwelt!<\/strong><\/td>\n<td style=\"text-align: center;\" width=\"10%\"><\/td>\n<td style=\"text-align: center;\" width=\"40%\"><strong>XC-Fliegen in den Alpen &#8211; Genuss gepaart mit Herausforderung<\/strong><\/td>\n<\/tr>\n<\/tbody>\n<\/table>\n<p>&nbsp;<\/p>\n<div class=\"fusion-fullwidth fullwidth-box fusion-builder-row-1 hundred-percent-fullwidth non-hundred-percent-height-scrolling\" style=\"background-color: rgba(255,255,255,0);background-position: center center;background-repeat: no-repeat;padding-top:0px;padding-right:0px;padding-bottom:0px;padding-left:0px;margin-bottom: 0px;margin-top: 0px;border-width: 0px 0px 0px 0px;border-color:#eae9e9;border-style:solid;\" ><div class=\"fusion-builder-row fusion-row\"><div class=\"fusion-layout-column fusion_builder_column fusion-builder-column-0 fusion_builder_column_1_1 1_1 fusion-one-full fusion-column-first fusion-column-last fusion-column-no-min-height\" style=\"margin-top:0px;margin-bottom:0px;\"><div class=\"fusion-column-wrapper fusion-flex-column-wrapper-legacy\" style=\"background-position:left top;background-repeat:no-repeat;-webkit-background-size:cover;-moz-background-size:cover;-o-background-size:cover;background-size:cover;padding: 0px 0px 0px 0px;\"><style type=\"text\/css\"><\/style><div class=\"fusion-title title fusion-title-1 fusion-title-text fusion-title-size-three\" style=\"margin-top:0px;margin-right:0px;margin-bottom:31px;margin-left:0px;\"><h3 class=\"title-heading-left\" style=\"margin:0;\">News<\/h3><span class=\"awb-title-spacer\"><\/span><div class=\"title-sep-container\"><div class=\"title-sep sep-double sep-solid\" style=\"border-color:#e0dede;\"><\/div><\/div><\/div><div class=\"fusion-clearfix\"><\/div><\/div><\/div><div class=\"fusion-layout-column fusion_builder_column fusion-builder-column-1 fusion_builder_column_1_1 1_1 fusion-one-full fusion-column-first fusion-column-last fusion-column-no-min-height\" style=\"margin-top:0px;margin-bottom:0px;\"><div class=\"fusion-column-wrapper fusion-flex-column-wrapper-legacy\" style=\"background-position:left top;background-repeat:no-repeat;-webkit-background-size:cover;-moz-background-size:cover;-o-background-size:cover;background-size:cover;padding: 0px 0px 0px 0px;\"><div class=\"fusion-blog-shortcode fusion-blog-shortcode-1 fusion-blog-archive fusion-blog-layout-large fusion-blog-no\"><div class=\"fusion-posts-container fusion-posts-container-no fusion-blog-rollover\" data-pages=\"1\"><article id=\"blog-1-post-5410\" class=\"fusion-post-large post-5410 post type-post status-publish format-standard hentry category-allgemein\">\n\t<style type=\"text\/css\">\n\t\t\n\t\t\n\t\t\n\t\t\n\t\t\t<\/style>\n\n\n<div class=\"fusion-post-content post-content\"><h2 class=\"blog-shortcode-post-title entry-title\"><a href=\"https:\/\/www.xalps.com\/2003\/site-update\/\">Konserviert f\u00fcr die n\u00e4chsten 10 Jahre!<\/a><\/h2><div class=\"fusion-post-content-container\"><p>Ich habe die Stunden der letzten verregneten Abende genutzt, um die Homepage \u00fcber unsere RED BULL XALPS-Teilnahme 2003 einer Frischzellenkur zu unterziehen. Die veraltete TYPO3-Enginge wurde in Rente geschickt. Nun scheint eine moderne und klare WordPress-Seite auf unsere Erinnerungen an das h\u00e4rteste Gleitschirmrennen der Welt&#8230;<\/p>\n<p>Somit sollte das Thema der Server und Software-Aktualisierungen zumindest f\u00fcr die n\u00e4chsten 10 Jahre erledigt sein &#8211; wer wei\u00df, was danach kommt. Ihr k\u00f6nnt euch somit gemeinsamt mit uns in jene Zeit zur\u00fcckbeamen, wo Athleten noch mit normalgewichtigem Gleitschirm-Zeugs geflogen sind und es eine logistische Meisterleistung war, einen Internet-Zugang &gt;56K aufzutreiben, um zu Wetterinfos f\u00fcr den n\u00e4chsten Tag zu kommen\u2026 <img decoding=\"async\" class=\"lazy wp-smiley\" style=\"display: inline;\" src=\"http:\/\/www.xalps.com\/lex\/wp-includes\/images\/smilies\/icon_smile.gif\" alt=\":-)\" data-original=\"http:\/\/www.xalps.com\/lex\/wp-includes\/images\/smilies\/icon_smile.gif\" \/><\/p>\n<h3 style=\"text-align: center;\">Ein hoch auf die Memoiren!<br \/>\nM\u00f6gen sie ewig halten \u2013 und uns jung!<\/h3>\n<\/div><\/div><div class=\"fusion-clearfix\"><\/div><div class=\"fusion-meta-info\"><div class=\"fusion-alignleft\">Von <span class=\"vcard\"><span class=\"fn\"><a href=\"https:\/\/www.xalps.com\/2003\/author\/wordpressadmin\/\" title=\"Beitr\u00e4ge von Lex Rob\u00e9\" rel=\"author\">Lex Rob\u00e9<\/a><\/span><\/span><span class=\"fusion-inline-sep\">|<\/span><span class=\"updated\" style=\"display:none;\">2017-04-23T18:24:43+02:00<\/span><span>Mai 17th, 2014<\/span><span class=\"fusion-inline-sep\">|<\/span><a href=\"https:\/\/www.xalps.com\/2003\/category\/allgemein\/\" rel=\"category tag\">Allgemein<\/a><span class=\"fusion-inline-sep\">|<\/span><span class=\"fusion-comments\"><a href=\"https:\/\/www.xalps.com\/2003\/site-update\/#respond\">0 Kommentare<\/a><\/span><\/div><div class=\"fusion-alignright\"><a class=\"fusion-read-more\" href=\"https:\/\/www.xalps.com\/2003\/site-update\/\" aria-label=\"More on Konserviert f\u00fcr die n\u00e4chsten 10 Jahre!\">Weiterlesen<\/a><\/div><\/div><\/article>\n<article id=\"blog-1-post-5082\" class=\"fusion-post-large post-5082 post type-post status-publish format-standard hentry category-allgemein\">\n\t<style type=\"text\/css\">\n\t\t\n\t\t\n\t\t\n\t\t\n\t\t\t<\/style>\n\n\n<div class=\"fusion-post-content post-content\"><h2 class=\"blog-shortcode-post-title entry-title\"><a href=\"https:\/\/www.xalps.com\/2003\/dvd-erhaeltlich\/\">DVD vom h\u00e4rtesten Gleitschirmrennen der Welt erh\u00e4ltlich!<\/a><\/h2><div class=\"fusion-post-content-container\"><p>Soeben ist die RED BULL XALPS-2003 DVD erschienen!<\/p>\n<p>Sie beschreibt auf eindr\u00fcckliche Weise das fordernde Rennen der fliegenden Helden und ihrer teils dramatischen Erlebnisse &#8211; echt ein Hingucker und Leckerbissen &#8211; grad recht f\u00fcr die kalte und fliegerisch wenig ergiebige Zeit&#8230;<\/p>\n<\/div><\/div><div class=\"fusion-clearfix\"><\/div><div class=\"fusion-meta-info\"><div class=\"fusion-alignleft\">Von <span class=\"vcard\"><span class=\"fn\"><a href=\"https:\/\/www.xalps.com\/2003\/author\/wordpressadmin\/\" title=\"Beitr\u00e4ge von Lex Rob\u00e9\" rel=\"author\">Lex Rob\u00e9<\/a><\/span><\/span><span class=\"fusion-inline-sep\">|<\/span><span class=\"updated\" style=\"display:none;\">2014-05-15T21:53:39+02:00<\/span><span>November 14th, 2003<\/span><span class=\"fusion-inline-sep\">|<\/span><a href=\"https:\/\/www.xalps.com\/2003\/category\/allgemein\/\" rel=\"category tag\">Allgemein<\/a><span class=\"fusion-inline-sep\">|<\/span><span class=\"fusion-comments\"><a href=\"https:\/\/www.xalps.com\/2003\/dvd-erhaeltlich\/#respond\">0 Kommentare<\/a><\/span><\/div><div class=\"fusion-alignright\"><a class=\"fusion-read-more\" href=\"https:\/\/www.xalps.com\/2003\/dvd-erhaeltlich\/\" aria-label=\"More on DVD vom h\u00e4rtesten Gleitschirmrennen der Welt erh\u00e4ltlich!\">Weiterlesen<\/a><\/div><\/div><\/article>\n<article id=\"blog-1-post-5069\" class=\"fusion-post-large post-5069 post type-post status-publish format-standard hentry category-allgemein\">\n\t<style type=\"text\/css\">\n\t\t\n\t\t\n\t\t\n\t\t\n\t\t\t<\/style>\n\n\n<div class=\"fusion-post-content post-content\"><h2 class=\"blog-shortcode-post-title entry-title\"><a href=\"https:\/\/www.xalps.com\/2003\/schritt-fuer-schritt\/\">Schritt f\u00fcr Schritt<\/a><\/h2><div class=\"fusion-post-content-container\"><p>Im Laufe dieser Woche werde ich die restlichen Tagebuch-Eintr\u00e4ge f\u00fcrs Web aufbereiten. Diesmal ausf\u00fchrlich und mit Bildern&#8230;<br \/>\nEinstweilen gibts mal eine kleine Sammlung der gefundenen (Nicht-Fach-)<a title=\"Presse\" href=\"http:\/\/xalps.com\/2003\/presse\/\">Presseberichte&#8230;<\/a><\/p>\n<\/div><\/div><div class=\"fusion-clearfix\"><\/div><div class=\"fusion-meta-info\"><div class=\"fusion-alignleft\">Von <span class=\"vcard\"><span class=\"fn\"><a href=\"https:\/\/www.xalps.com\/2003\/author\/wordpressadmin\/\" title=\"Beitr\u00e4ge von Lex Rob\u00e9\" rel=\"author\">Lex Rob\u00e9<\/a><\/span><\/span><span class=\"fusion-inline-sep\">|<\/span><span class=\"updated\" style=\"display:none;\">2017-04-23T18:24:43+02:00<\/span><span>August 4th, 2003<\/span><span class=\"fusion-inline-sep\">|<\/span><a href=\"https:\/\/www.xalps.com\/2003\/category\/allgemein\/\" rel=\"category tag\">Allgemein<\/a><span class=\"fusion-inline-sep\">|<\/span><span class=\"fusion-comments\"><a href=\"https:\/\/www.xalps.com\/2003\/schritt-fuer-schritt\/#respond\">0 Kommentare<\/a><\/span><\/div><div class=\"fusion-alignright\"><a class=\"fusion-read-more\" href=\"https:\/\/www.xalps.com\/2003\/schritt-fuer-schritt\/\" aria-label=\"More on Schritt f\u00fcr Schritt\">Weiterlesen<\/a><\/div><\/div><\/article>\n<article id=\"blog-1-post-5071\" class=\"fusion-post-large post-5071 post type-post status-publish format-standard hentry category-allgemein\">\n\t<style type=\"text\/css\">\n\t\t\n\t\t\n\t\t\n\t\t\n\t\t\t<\/style>\n\n\n<div class=\"fusion-post-content post-content\"><h2 class=\"blog-shortcode-post-title entry-title\"><a href=\"https:\/\/www.xalps.com\/2003\/adventure-updates-in-textform\/\">Adventure-Updates in Textform<\/a><\/h2><div class=\"fusion-post-content-container\"><p><span style=\"color: black; font-family: verdana; font-size: small;\">Tageb\u00fccher bis 25.07. sind online &#8211; nur in Textform. Die Finalversionen werden im Lauf der kommenden Woche geuppt (mit Bildern nat\u00fcrlich). Je nach dem wie lang die Parties und der darauf folgende Chillout in Monaco daueren&#8230;<br \/>\nZur Zeit r\u00fcckt uns der Mexikaner Carlos noch ordentlich auf die Pelle und&#8230; <\/span><\/p>\n<\/div><\/div><div class=\"fusion-clearfix\"><\/div><div class=\"fusion-meta-info\"><div class=\"fusion-alignleft\">Von <span class=\"vcard\"><span class=\"fn\"><a href=\"https:\/\/www.xalps.com\/2003\/author\/wordpressadmin\/\" title=\"Beitr\u00e4ge von Lex Rob\u00e9\" rel=\"author\">Lex Rob\u00e9<\/a><\/span><\/span><span class=\"fusion-inline-sep\">|<\/span><span class=\"updated\" style=\"display:none;\">2014-05-14T04:39:49+02:00<\/span><span>Juli 24th, 2003<\/span><span class=\"fusion-inline-sep\">|<\/span><a href=\"https:\/\/www.xalps.com\/2003\/category\/allgemein\/\" rel=\"category tag\">Allgemein<\/a><span class=\"fusion-inline-sep\">|<\/span><span class=\"fusion-comments\"><a href=\"https:\/\/www.xalps.com\/2003\/adventure-updates-in-textform\/#respond\">0 Kommentare<\/a><\/span><\/div><div class=\"fusion-alignright\"><a class=\"fusion-read-more\" href=\"https:\/\/www.xalps.com\/2003\/adventure-updates-in-textform\/\" aria-label=\"More on Adventure-Updates in Textform\">Weiterlesen<\/a><\/div><\/div><\/article>\n<article id=\"blog-1-post-5073\" class=\"fusion-post-large post-5073 post type-post status-publish format-standard hentry category-allgemein\">\n\t<style type=\"text\/css\">\n\t\t\n\t\t\n\t\t\n\t\t\n\t\t\t<\/style>\n\n\n<div class=\"fusion-post-content post-content\"><h2 class=\"blog-shortcode-post-title entry-title\"><a href=\"https:\/\/www.xalps.com\/2003\/tagebuch-updates-der-ersten-3-tage\/\">Tagebuch-Updates der ersten 3 Tage&#8230;<\/a><\/h2><div class=\"fusion-post-content-container\"><p><span style=\"color: black; font-family: verdana; font-size: small;\">Nun sind sie endlich online &#8211;\u00a0die ersten 3 Tageb\u00fccher von unserem gebirgigen Trip zum Strand von Monaco.<br \/>\nUnd schlechte Nachrichten: Ich werde bis auf weiteres keine Updates mehr ins Netz stellen k\u00f6nnen, da diese Geschichte zuviel Zeit verschlingt (allein bis man einen Internetzugang hat &#8211; etc&#8230;) <\/span><\/p>\n<\/div><\/div><div class=\"fusion-clearfix\"><\/div><div class=\"fusion-meta-info\"><div class=\"fusion-alignleft\">Von <span class=\"vcard\"><span class=\"fn\"><a href=\"https:\/\/www.xalps.com\/2003\/author\/wordpressadmin\/\" title=\"Beitr\u00e4ge von Lex Rob\u00e9\" rel=\"author\">Lex Rob\u00e9<\/a><\/span><\/span><span class=\"fusion-inline-sep\">|<\/span><span class=\"updated\" style=\"display:none;\">2014-05-14T04:41:08+02:00<\/span><span>Juli 18th, 2003<\/span><span class=\"fusion-inline-sep\">|<\/span><a href=\"https:\/\/www.xalps.com\/2003\/category\/allgemein\/\" rel=\"category tag\">Allgemein<\/a><span class=\"fusion-inline-sep\">|<\/span><span class=\"fusion-comments\"><a href=\"https:\/\/www.xalps.com\/2003\/tagebuch-updates-der-ersten-3-tage\/#respond\">0 Kommentare<\/a><\/span><\/div><div class=\"fusion-alignright\"><a class=\"fusion-read-more\" href=\"https:\/\/www.xalps.com\/2003\/tagebuch-updates-der-ersten-3-tage\/\" aria-label=\"More on Tagebuch-Updates der ersten 3 Tage&#8230;\">Weiterlesen<\/a><\/div><\/div><\/article>\n<article id=\"blog-1-post-5075\" class=\"fusion-post-large post-5075 post type-post status-publish format-standard hentry category-allgemein\">\n\t<style type=\"text\/css\">\n\t\t\n\t\t\n\t\t\n\t\t\n\t\t\t<\/style>\n\n\n<div class=\"fusion-post-content post-content\"><h2 class=\"blog-shortcode-post-title entry-title\"><a href=\"https:\/\/www.xalps.com\/2003\/x-alps-com-prototyp-ist-online\/\">X-Alps.com-Prototyp ist online!<\/a><\/h2><div class=\"fusion-post-content-container\"><p><span style=\"color: black; font-family: verdana; font-size: small;\">Mal zum Testen und Feedback sammeln:-)<\/span><\/p>\n<\/div><\/div><div class=\"fusion-clearfix\"><\/div><div class=\"fusion-meta-info\"><div class=\"fusion-alignleft\">Von <span class=\"vcard\"><span class=\"fn\"><a href=\"https:\/\/www.xalps.com\/2003\/author\/wordpressadmin\/\" title=\"Beitr\u00e4ge von Lex Rob\u00e9\" rel=\"author\">Lex Rob\u00e9<\/a><\/span><\/span><span class=\"fusion-inline-sep\">|<\/span><span class=\"updated\" style=\"display:none;\">2014-05-14T04:42:54+02:00<\/span><span>Juni 17th, 2003<\/span><span class=\"fusion-inline-sep\">|<\/span><a href=\"https:\/\/www.xalps.com\/2003\/category\/allgemein\/\" rel=\"category tag\">Allgemein<\/a><span class=\"fusion-inline-sep\">|<\/span><span class=\"fusion-comments\"><a href=\"https:\/\/www.xalps.com\/2003\/x-alps-com-prototyp-ist-online\/#respond\">0 Kommentare<\/a><\/span><\/div><div class=\"fusion-alignright\"><a class=\"fusion-read-more\" href=\"https:\/\/www.xalps.com\/2003\/x-alps-com-prototyp-ist-online\/\" aria-label=\"More on X-Alps.com-Prototyp ist online!\">Weiterlesen<\/a><\/div><\/div><\/article>\n<\/div><\/div><div class=\"fusion-clearfix\"><\/div><\/div><\/div><\/div><style type=\"text\/css\">.fusion-fullwidth.fusion-builder-row-1 { overflow:visible; }<\/style><\/div>\n","protected":false},"excerpt":{"rendered":"<p>Willkommen auf XAlps.com! Auf dieser Site dreht sich alles um&#8217;s Streckenfliegen in den Alpen. \u00a0(X-Country Paragleiten in den Alpen -&gt;XAlps! *g*) &#8211; und hier vorwiegend in den den \u00f6sterreichischen&#8230; Red Bull: Einmal mehr der Motor in der Extremsportwelt! XC-Fliegen in den Alpen &#8211; Genuss gepaart mit Herausforderung &nbsp;<\/p>\n","protected":false},"author":1,"featured_media":0,"parent":0,"menu_order":0,"comment_status":"open","ping_status":"open","template":"","meta":{"footnotes":""},"class_list":["post-4791","page","type-page","status-publish","hentry"],"yoast_head":"<!-- This site is optimized with the Yoast SEO plugin v26.4 - https:\/\/yoast.com\/wordpress\/plugins\/seo\/ -->\n<title>Home - XAlps.com -= the ultimate paragliding race =-<\/title>\n<meta name=\"robots\" content=\"index, follow, max-snippet:-1, max-image-preview:large, max-video-preview:-1\" \/>\n<link rel=\"canonical\" href=\"https:\/\/www.xalps.com\/2003\/\" \/>\n<meta property=\"og:locale\" content=\"de_DE\" \/>\n<meta property=\"og:type\" content=\"article\" \/>\n<meta property=\"og:title\" content=\"Home - XAlps.com -= the ultimate paragliding race =-\" \/>\n<meta property=\"og:description\" content=\"Willkommen auf XAlps.com! Auf dieser Site dreht sich alles um&#8217;s Streckenfliegen in den Alpen. \u00a0(X-Country Paragleiten in den Alpen -&gt;XAlps! *g*) &#8211; und hier vorwiegend in den den \u00f6sterreichischen&#8230; Red Bull: Einmal mehr der Motor in der Extremsportwelt! XC-Fliegen in den Alpen &#8211; Genuss gepaart mit Herausforderung &nbsp;\" \/>\n<meta property=\"og:url\" content=\"https:\/\/www.xalps.com\/2003\/\" \/>\n<meta property=\"og:site_name\" content=\"XAlps.com -= the ultimate paragliding race =-\" \/>\n<meta property=\"article:modified_time\" content=\"2017-04-23T16:24:18+00:00\" \/>\n<meta property=\"og:image\" content=\"https:\/\/www.xalps.com\/2003\/wp-content\/uploads\/2014\/05\/xalps_kulm.jpg\" \/>\n\t<meta property=\"og:image:width\" content=\"600\" \/>\n\t<meta property=\"og:image:height\" content=\"160\" \/>\n\t<meta property=\"og:image:type\" content=\"image\/jpeg\" \/>\n<meta name=\"twitter:card\" content=\"summary_large_image\" \/>\n<meta name=\"twitter:label1\" content=\"Gesch\u00e4tzte Lesezeit\" \/>\n\t<meta name=\"twitter:data1\" content=\"1\u00a0Minute\" \/>\n<script type=\"application\/ld+json\" class=\"yoast-schema-graph\">{\"@context\":\"https:\/\/schema.org\",\"@graph\":[{\"@type\":\"WebPage\",\"@id\":\"https:\/\/www.xalps.com\/2003\/\",\"url\":\"https:\/\/www.xalps.com\/2003\/\",\"name\":\"Home - XAlps.com -= the ultimate paragliding race =-\",\"isPartOf\":{\"@id\":\"https:\/\/www.xalps.com\/2003\/#website\"},\"primaryImageOfPage\":{\"@id\":\"https:\/\/www.xalps.com\/2003\/#primaryimage\"},\"image\":{\"@id\":\"https:\/\/www.xalps.com\/2003\/#primaryimage\"},\"thumbnailUrl\":\"http:\/\/xalps.com\/2003\/wp-content\/uploads\/2014\/05\/xalps_kulm.jpg\",\"datePublished\":\"2014-05-10T23:15:58+00:00\",\"dateModified\":\"2017-04-23T16:24:18+00:00\",\"breadcrumb\":{\"@id\":\"https:\/\/www.xalps.com\/2003\/#breadcrumb\"},\"inLanguage\":\"de\",\"potentialAction\":[{\"@type\":\"ReadAction\",\"target\":[\"https:\/\/www.xalps.com\/2003\/\"]}]},{\"@type\":\"ImageObject\",\"inLanguage\":\"de\",\"@id\":\"https:\/\/www.xalps.com\/2003\/#primaryimage\",\"url\":\"http:\/\/xalps.com\/2003\/wp-content\/uploads\/2014\/05\/xalps_kulm.jpg\",\"contentUrl\":\"http:\/\/xalps.com\/2003\/wp-content\/uploads\/2014\/05\/xalps_kulm.jpg\"},{\"@type\":\"BreadcrumbList\",\"@id\":\"https:\/\/www.xalps.com\/2003\/#breadcrumb\",\"itemListElement\":[{\"@type\":\"ListItem\",\"position\":1,\"name\":\"Startseite\",\"item\":\"https:\/\/www.xalps.com\/2003\/\"},{\"@type\":\"ListItem\",\"position\":2,\"name\":\"Home\"}]},{\"@type\":\"WebSite\",\"@id\":\"https:\/\/www.xalps.com\/2003\/#website\",\"url\":\"https:\/\/www.xalps.com\/2003\/\",\"name\":\"XAlps.com -= the ultimate paragliding race =-\",\"description\":\"800km across the Alps\",\"potentialAction\":[{\"@type\":\"SearchAction\",\"target\":{\"@type\":\"EntryPoint\",\"urlTemplate\":\"https:\/\/www.xalps.com\/2003\/?s={search_term_string}\"},\"query-input\":{\"@type\":\"PropertyValueSpecification\",\"valueRequired\":true,\"valueName\":\"search_term_string\"}}],\"inLanguage\":\"de\"}]}<\/script>\n<!-- \/ Yoast SEO plugin. -->","yoast_head_json":{"title":"Home - XAlps.com -= the ultimate paragliding race =-","robots":{"index":"index","follow":"follow","max-snippet":"max-snippet:-1","max-image-preview":"max-image-preview:large","max-video-preview":"max-video-preview:-1"},"canonical":"https:\/\/www.xalps.com\/2003\/","og_locale":"de_DE","og_type":"article","og_title":"Home - XAlps.com -= the ultimate paragliding race =-","og_description":"Willkommen auf XAlps.com! Auf dieser Site dreht sich alles um&#8217;s Streckenfliegen in den Alpen. \u00a0(X-Country Paragleiten in den Alpen -&gt;XAlps! *g*) &#8211; und hier vorwiegend in den den \u00f6sterreichischen&#8230; Red Bull: Einmal mehr der Motor in der Extremsportwelt! XC-Fliegen in den Alpen &#8211; Genuss gepaart mit Herausforderung &nbsp;","og_url":"https:\/\/www.xalps.com\/2003\/","og_site_name":"XAlps.com -= the ultimate paragliding race =-","article_modified_time":"2017-04-23T16:24:18+00:00","og_image":[{"width":600,"height":160,"url":"https:\/\/www.xalps.com\/2003\/wp-content\/uploads\/2014\/05\/xalps_kulm.jpg","type":"image\/jpeg"}],"twitter_card":"summary_large_image","twitter_misc":{"Gesch\u00e4tzte Lesezeit":"1\u00a0Minute"},"schema":{"@context":"https:\/\/schema.org","@graph":[{"@type":"WebPage","@id":"https:\/\/www.xalps.com\/2003\/","url":"https:\/\/www.xalps.com\/2003\/","name":"Home - XAlps.com -= the ultimate paragliding race =-","isPartOf":{"@id":"https:\/\/www.xalps.com\/2003\/#website"},"primaryImageOfPage":{"@id":"https:\/\/www.xalps.com\/2003\/#primaryimage"},"image":{"@id":"https:\/\/www.xalps.com\/2003\/#primaryimage"},"thumbnailUrl":"http:\/\/xalps.com\/2003\/wp-content\/uploads\/2014\/05\/xalps_kulm.jpg","datePublished":"2014-05-10T23:15:58+00:00","dateModified":"2017-04-23T16:24:18+00:00","breadcrumb":{"@id":"https:\/\/www.xalps.com\/2003\/#breadcrumb"},"inLanguage":"de","potentialAction":[{"@type":"ReadAction","target":["https:\/\/www.xalps.com\/2003\/"]}]},{"@type":"ImageObject","inLanguage":"de","@id":"https:\/\/www.xalps.com\/2003\/#primaryimage","url":"http:\/\/xalps.com\/2003\/wp-content\/uploads\/2014\/05\/xalps_kulm.jpg","contentUrl":"http:\/\/xalps.com\/2003\/wp-content\/uploads\/2014\/05\/xalps_kulm.jpg"},{"@type":"BreadcrumbList","@id":"https:\/\/www.xalps.com\/2003\/#breadcrumb","itemListElement":[{"@type":"ListItem","position":1,"name":"Startseite","item":"https:\/\/www.xalps.com\/2003\/"},{"@type":"ListItem","position":2,"name":"Home"}]},{"@type":"WebSite","@id":"https:\/\/www.xalps.com\/2003\/#website","url":"https:\/\/www.xalps.com\/2003\/","name":"XAlps.com -= the ultimate paragliding race =-","description":"800km across the Alps","potentialAction":[{"@type":"SearchAction","target":{"@type":"EntryPoint","urlTemplate":"https:\/\/www.xalps.com\/2003\/?s={search_term_string}"},"query-input":{"@type":"PropertyValueSpecification","valueRequired":true,"valueName":"search_term_string"}}],"inLanguage":"de"}]}},"_links":{"self":[{"href":"https:\/\/www.xalps.com\/2003\/wp-json\/wp\/v2\/pages\/4791","targetHints":{"allow":["GET"]}}],"collection":[{"href":"https:\/\/www.xalps.com\/2003\/wp-json\/wp\/v2\/pages"}],"about":[{"href":"https:\/\/www.xalps.com\/2003\/wp-json\/wp\/v2\/types\/page"}],"author":[{"embeddable":true,"href":"https:\/\/www.xalps.com\/2003\/wp-json\/wp\/v2\/users\/1"}],"replies":[{"embeddable":true,"href":"https:\/\/www.xalps.com\/2003\/wp-json\/wp\/v2\/comments?post=4791"}],"version-history":[{"count":3,"href":"https:\/\/www.xalps.com\/2003\/wp-json\/wp\/v2\/pages\/4791\/revisions"}],"predecessor-version":[{"id":5474,"href":"https:\/\/www.xalps.com\/2003\/wp-json\/wp\/v2\/pages\/4791\/revisions\/5474"}],"wp:attachment":[{"href":"https:\/\/www.xalps.com\/2003\/wp-json\/wp\/v2\/media?parent=4791"}],"curies":[{"name":"wp","href":"https:\/\/api.w.org\/{rel}","templated":true}]}}